{"id":1230,"date":"2025-12-25T16:59:08","date_gmt":"2025-12-25T16:59:08","guid":{"rendered":"https:\/\/krolestwomarzen.pl\/?page_id=1230"},"modified":"2025-12-25T16:59:24","modified_gmt":"2025-12-25T16:59:24","slug":"kontakt-new","status":"publish","type":"page","link":"https:\/\/krolestwomarzen.pl\/en\/kontakt-new\/","title":{"rendered":"Kontakt (NEW)"},"content":{"rendered":"<div data-elementor-type=\"wp-page\" data-elementor-id=\"1230\" class=\"elementor elementor-1230\" data-elementor-post-type=\"page\">\n\t\t\t\t<div class=\"elementor-element elementor-element-27a6884d e-flex e-con-boxed e-con e-parent\" data-id=\"27a6884d\" data-element_type=\"container\" data-e-type=\"container\" data-settings=\"{&quot;background_background&quot;:&quot;classic&quot;,&quot;shape_divider_bottom&quot;:&quot;curve-asymmetrical&quot;,&quot;shape_divider_bottom_negative&quot;:&quot;yes&quot;}\">\n\t\t\t\t\t<div class=\"e-con-inner\">\n\t\t\t\t<div class=\"elementor-shape elementor-shape-bottom\" aria-hidden=\"true\" data-negative=\"true\">\n\t\t\t<svg xmlns=\"http:\/\/www.w3.org\/2000\/svg\" viewbox=\"0 0 1000 100\" preserveaspectratio=\"none\">\n\t<path class=\"elementor-shape-fill\" d=\"M615.2,96.7C240.2,97.8,0,18.9,0,0v100h1000V0C1000,19.2,989.8,96,615.2,96.7z\"\/>\n<\/svg>\t\t<\/div>\n\t\t<div class=\"elementor-element elementor-element-1d12cb9d e-con-full e-flex e-con e-child\" data-id=\"1d12cb9d\" data-element_type=\"container\" data-e-type=\"container\">\n\t\t\t\t<div class=\"elementor-element elementor-element-324ee759 elementor-icon-list--layout-inline elementor-align-center elementor-widget__width-initial elementor-list-item-link-full_width elementor-widget elementor-widget-icon-list\" data-id=\"324ee759\" data-element_type=\"widget\" data-e-type=\"widget\" data-widget_type=\"icon-list.default\">\n\t\t\t\t<div class=\"elementor-widget-container\">\n\t\t\t\t\t\t\t<ul class=\"elementor-icon-list-items elementor-inline-items\">\n\t\t\t\t\t\t\t<li class=\"elementor-icon-list-item elementor-inline-item\">\n\t\t\t\t\t\t\t\t\t\t\t<a href=\"#\">\n\n\t\t\t\t\t\t\t\t\t\t\t<span class=\"elementor-icon-list-text\">Home<\/span>\n\t\t\t\t\t\t\t\t\t\t\t<\/a>\n\t\t\t\t\t\t\t\t\t<\/li>\n\t\t\t\t\t\t\t\t<li class=\"elementor-icon-list-item elementor-inline-item\">\n\t\t\t\t\t\t\t\t\t\t\t<a href=\"#\">\n\n\t\t\t\t\t\t\t\t\t\t\t\t<span class=\"elementor-icon-list-icon\">\n\t\t\t\t\t\t\t<i aria-hidden=\"true\" class=\"las la-arrow-right\"><\/i>\t\t\t\t\t\t<\/span>\n\t\t\t\t\t\t\t\t\t\t<span class=\"elementor-icon-list-text\">Contact Us<\/span>\n\t\t\t\t\t\t\t\t\t\t\t<\/a>\n\t\t\t\t\t\t\t\t\t<\/li>\n\t\t\t\t\t\t<\/ul>\n\t\t\t\t\t\t<\/div>\n\t\t\t\t<\/div>\n\t\t\t\t<div class=\"elementor-element elementor-element-25562a3c elementor-invisible elementor-widget elementor-widget-heading\" data-id=\"25562a3c\" data-element_type=\"widget\" data-e-type=\"widget\" data-settings=\"{&quot;_animation&quot;:&quot;rubberBand&quot;}\" data-widget_type=\"heading.default\">\n\t\t\t\t<div class=\"elementor-widget-container\">\n\t\t\t\t\t<h1 class=\"elementor-heading-title elementor-size-default\">Contact Us<\/h1>\t\t\t\t<\/div>\n\t\t\t\t<\/div>\n\t\t\t\t<\/div>\n\t\t\t\t\t<\/div>\n\t\t\t\t<\/div>\n\t\t<div class=\"elementor-element elementor-element-114a7954 e-grid e-con-boxed e-con e-parent\" data-id=\"114a7954\" data-element_type=\"container\" data-e-type=\"container\">\n\t\t\t\t\t<div class=\"e-con-inner\">\n\t\t<div class=\"elementor-element elementor-element-3ddba8ae e-con-full e-flex elementor-invisible e-con e-child\" data-id=\"3ddba8ae\" data-element_type=\"container\" data-e-type=\"container\" data-settings=\"{&quot;background_background&quot;:&quot;classic&quot;,&quot;animation&quot;:&quot;rubberBand&quot;,&quot;animation_delay&quot;:240}\">\n\t\t\t\t<div class=\"elementor-element elementor-element-21bf67df elementor-view-stacked elementor-shape-circle elementor-position-block-start elementor-mobile-position-block-start elementor-widget elementor-widget-icon-box\" data-id=\"21bf67df\" data-element_type=\"widget\" data-e-type=\"widget\" data-widget_type=\"icon-box.default\">\n\t\t\t\t<div class=\"elementor-widget-container\">\n\t\t\t\t\t\t\t<div class=\"elementor-icon-box-wrapper\">\n\n\t\t\t\t\t\t<div class=\"elementor-icon-box-icon\">\n\t\t\t\t<span  class=\"elementor-icon\">\n\t\t\t\t<i aria-hidden=\"true\" class=\"las la-map-marker\"><\/i>\t\t\t\t<\/span>\n\t\t\t<\/div>\n\t\t\t\n\t\t\t\t\t\t<div class=\"elementor-icon-box-content\">\n\n\t\t\t\t\t\t\t\t\t<h4 class=\"elementor-icon-box-title\">\n\t\t\t\t\t\t<span  >\n\t\t\t\t\t\t\tLocation\t\t\t\t\t\t<\/span>\n\t\t\t\t\t<\/h4>\n\t\t\t\t\n\t\t\t\t\t\t\t\t\t<p class=\"elementor-icon-box-description\">\n\t\t\t\t\t\tJln Cempaka Wangi No 22 <\/br>\nJakarta - Indonesia\t\t\t\t\t<\/p>\n\t\t\t\t\n\t\t\t<\/div>\n\t\t\t\n\t\t<\/div>\n\t\t\t\t\t\t<\/div>\n\t\t\t\t<\/div>\n\t\t\t\t<\/div>\n\t\t<div class=\"elementor-element elementor-element-272b28f5 e-con-full e-flex elementor-invisible e-con e-child\" data-id=\"272b28f5\" data-element_type=\"container\" data-e-type=\"container\" data-settings=\"{&quot;background_background&quot;:&quot;classic&quot;,&quot;animation&quot;:&quot;rubberBand&quot;}\">\n\t\t\t\t<div class=\"elementor-element elementor-element-2d8adfe4 elementor-view-stacked elementor-shape-circle elementor-position-block-start elementor-mobile-position-block-start elementor-widget elementor-widget-icon-box\" data-id=\"2d8adfe4\" data-element_type=\"widget\" data-e-type=\"widget\" data-widget_type=\"icon-box.default\">\n\t\t\t\t<div class=\"elementor-widget-container\">\n\t\t\t\t\t\t\t<div class=\"elementor-icon-box-wrapper\">\n\n\t\t\t\t\t\t<div class=\"elementor-icon-box-icon\">\n\t\t\t\t<span  class=\"elementor-icon\">\n\t\t\t\t<i aria-hidden=\"true\" class=\"la la-volume-control-phone\"><\/i>\t\t\t\t<\/span>\n\t\t\t<\/div>\n\t\t\t\n\t\t\t\t\t\t<div class=\"elementor-icon-box-content\">\n\n\t\t\t\t\t\t\t\t\t<h4 class=\"elementor-icon-box-title\">\n\t\t\t\t\t\t<span  >\n\t\t\t\t\t\t\tCall Us\t\t\t\t\t\t<\/span>\n\t\t\t\t\t<\/h4>\n\t\t\t\t\n\t\t\t\t\t\t\t\t\t<p class=\"elementor-icon-box-description\">\n\t\t\t\t\t\tPhone : +6221.2002.2012 <\/br>\nFax: +6221.2002.2013\t\t\t\t\t<\/p>\n\t\t\t\t\n\t\t\t<\/div>\n\t\t\t\n\t\t<\/div>\n\t\t\t\t\t\t<\/div>\n\t\t\t\t<\/div>\n\t\t\t\t<\/div>\n\t\t<div class=\"elementor-element elementor-element-7172bd56 e-con-full e-flex elementor-invisible e-con e-child\" data-id=\"7172bd56\" data-element_type=\"container\" data-e-type=\"container\" data-settings=\"{&quot;background_background&quot;:&quot;classic&quot;,&quot;animation&quot;:&quot;rubberBand&quot;,&quot;animation_delay&quot;:480}\">\n\t\t\t\t<div class=\"elementor-element elementor-element-672a9b29 elementor-view-stacked elementor-shape-circle elementor-position-block-start elementor-mobile-position-block-start elementor-widget elementor-widget-icon-box\" data-id=\"672a9b29\" data-element_type=\"widget\" data-e-type=\"widget\" data-widget_type=\"icon-box.default\">\n\t\t\t\t<div class=\"elementor-widget-container\">\n\t\t\t\t\t\t\t<div class=\"elementor-icon-box-wrapper\">\n\n\t\t\t\t\t\t<div class=\"elementor-icon-box-icon\">\n\t\t\t\t<span  class=\"elementor-icon\">\n\t\t\t\t<i aria-hidden=\"true\" class=\"las la-envelope\"><\/i>\t\t\t\t<\/span>\n\t\t\t<\/div>\n\t\t\t\n\t\t\t\t\t\t<div class=\"elementor-icon-box-content\">\n\n\t\t\t\t\t\t\t\t\t<h4 class=\"elementor-icon-box-title\">\n\t\t\t\t\t\t<span  >\n\t\t\t\t\t\t\tEmail Us\t\t\t\t\t\t<\/span>\n\t\t\t\t\t<\/h4>\n\t\t\t\t\n\t\t\t\t\t\t\t\t\t<p class=\"elementor-icon-box-description\">\n\t\t\t\t\t\thello@yourdomain.tld <\/br>\nsupport@yourdomain.tld \t\t\t\t\t<\/p>\n\t\t\t\t\n\t\t\t<\/div>\n\t\t\t\n\t\t<\/div>\n\t\t\t\t\t\t<\/div>\n\t\t\t\t<\/div>\n\t\t\t\t<\/div>\n\t\t\t\t\t<\/div>\n\t\t\t\t<\/div>\n\t\t<div class=\"elementor-element elementor-element-77e94c9 e-con-full e-flex elementor-invisible e-con e-parent\" data-id=\"77e94c9\" data-element_type=\"container\" data-e-type=\"container\" data-settings=\"{&quot;animation&quot;:&quot;fadeIn&quot;}\">\n\t\t\t\t<div class=\"elementor-element elementor-element-1530b235 elementor-widget elementor-widget-google_maps\" data-id=\"1530b235\" data-element_type=\"widget\" data-e-type=\"widget\" data-widget_type=\"google_maps.default\">\n\t\t\t\t<div class=\"elementor-widget-container\">\n\t\t\t\t\t\t\t<div class=\"elementor-custom-embed\">\n\t\t\t<iframe loading=\"lazy\"\n\t\t\t\t\tsrc=\"https:\/\/maps.google.com\/maps?q=London%20Eye%2C%20London%2C%20United%20Kingdom&#038;t=m&#038;z=14&#038;output=embed&#038;iwloc=near\"\n\t\t\t\t\ttitle=\"London Eye, London, United Kingdom\"\n\t\t\t\t\taria-label=\"London Eye, London, United Kingdom\"\n\t\t\t><\/iframe>\n\t\t<\/div>\n\t\t\t\t\t\t<\/div>\n\t\t\t\t<\/div>\n\t\t\t\t<\/div>\n\t\t<div class=\"elementor-element elementor-element-1c17eb2a e-flex e-con-boxed e-con e-parent\" data-id=\"1c17eb2a\" data-element_type=\"container\" data-e-type=\"container\">\n\t\t\t\t\t<div class=\"e-con-inner\">\n\t\t<div class=\"elementor-element elementor-element-77608c91 e-con-full e-flex elementor-invisible e-con e-child\" data-id=\"77608c91\" data-element_type=\"container\" data-e-type=\"container\" data-settings=\"{&quot;background_background&quot;:&quot;classic&quot;,&quot;animation&quot;:&quot;bounceInUp&quot;}\">\n\t\t\t\t<div class=\"elementor-element elementor-element-322596d8 elementor-widget elementor-widget-heading\" data-id=\"322596d8\" data-element_type=\"widget\" data-e-type=\"widget\" data-widget_type=\"heading.default\">\n\t\t\t\t<div class=\"elementor-widget-container\">\n\t\t\t\t\t<h6 class=\"elementor-heading-title elementor-size-default\">Send us a message<\/h6>\t\t\t\t<\/div>\n\t\t\t\t<\/div>\n\t\t\t\t<div class=\"elementor-element elementor-element-39a33fd7 elementor-widget elementor-widget-heading\" data-id=\"39a33fd7\" data-element_type=\"widget\" data-e-type=\"widget\" data-widget_type=\"heading.default\">\n\t\t\t\t<div class=\"elementor-widget-container\">\n\t\t\t\t\t<h2 class=\"elementor-heading-title elementor-size-default\">Let's talk<\/h2>\t\t\t\t<\/div>\n\t\t\t\t<\/div>\n\t\t\t\t<div class=\"elementor-element elementor-element-122fec3e elementor-button-align-stretch elementor-widget elementor-widget-form\" data-id=\"122fec3e\" data-element_type=\"widget\" data-e-type=\"widget\" data-settings=\"{&quot;step_next_label&quot;:&quot;Next&quot;,&quot;step_previous_label&quot;:&quot;Previous&quot;,&quot;button_width&quot;:&quot;100&quot;,&quot;step_type&quot;:&quot;number_text&quot;,&quot;step_icon_shape&quot;:&quot;circle&quot;}\" data-widget_type=\"form.default\">\n\t\t\t\t<div class=\"elementor-widget-container\">\n\t\t\t\t\t\t\t<form class=\"elementor-form\" method=\"post\" name=\"New Form\" aria-label=\"New Form\" action=\"\">\n\t\t\t<input type=\"hidden\" name=\"post_id\" value=\"1230\"\/>\n\t\t\t<input type=\"hidden\" name=\"form_id\" value=\"122fec3e\"\/>\n\t\t\t<input type=\"hidden\" name=\"referer_title\" value=\"Kontakt (NEW) - Kr\u00f3lestwo Marze\u0144\" \/>\n\n\t\t\t\t\t\t\t<input type=\"hidden\" name=\"queried_id\" value=\"1230\"\/>\n\t\t\t\n\t\t\t<div class=\"elementor-form-fields-wrapper elementor-labels-above\">\n\t\t\t\t\t\t\t\t<div class=\"elementor-field-type-text elementor-field-group elementor-column elementor-field-group-name elementor-col-50 elementor-sm-50\">\n\t\t\t\t\t\t\t\t\t\t\t\t<label for=\"form-field-name\" class=\"elementor-field-label\">\n\t\t\t\t\t\t\t\tName\t\t\t\t\t\t\t<\/label>\n\t\t\t\t\t\t\t\t\t\t\t\t\t\t<input size=\"1\" type=\"text\" name=\"form_fields[name]\" id=\"form-field-name\" class=\"elementor-field elementor-size-md  elementor-field-textual\" placeholder=\"Name\">\n\t\t\t\t\t\t\t\t\t\t\t<\/div>\n\t\t\t\t\t\t\t\t<div class=\"elementor-field-type-tel elementor-field-group elementor-column elementor-field-group-field_35bd06a elementor-col-50 elementor-sm-50 elementor-field-required\">\n\t\t\t\t\t\t\t\t\t\t\t\t<label for=\"form-field-field_35bd06a\" class=\"elementor-field-label\">\n\t\t\t\t\t\t\t\tPhone\t\t\t\t\t\t\t<\/label>\n\t\t\t\t\t\t\t\t<input size=\"1\" type=\"tel\" name=\"form_fields[field_35bd06a]\" id=\"form-field-field_35bd06a\" class=\"elementor-field elementor-size-md  elementor-field-textual\" placeholder=\"Phone\" required=\"required\" pattern=\"[0-9()#&amp;+*-=.]+\" title=\"Akceptowane s\u0105 jedynie cyfry i znaki telefoniczne (#,-,*).\">\n\n\t\t\t\t\t\t<\/div>\n\t\t\t\t\t\t\t\t<div class=\"elementor-field-type-email elementor-field-group elementor-column elementor-field-group-email elementor-col-100 elementor-field-required\">\n\t\t\t\t\t\t\t\t\t\t\t\t<label for=\"form-field-email\" class=\"elementor-field-label\">\n\t\t\t\t\t\t\t\tEmail\t\t\t\t\t\t\t<\/label>\n\t\t\t\t\t\t\t\t\t\t\t\t\t\t<input size=\"1\" type=\"email\" name=\"form_fields[email]\" id=\"form-field-email\" class=\"elementor-field elementor-size-md  elementor-field-textual\" placeholder=\"Email\" required=\"required\">\n\t\t\t\t\t\t\t\t\t\t\t<\/div>\n\t\t\t\t\t\t\t\t<div class=\"elementor-field-type-textarea elementor-field-group elementor-column elementor-field-group-message elementor-col-100\">\n\t\t\t\t\t\t\t\t\t\t\t\t<label for=\"form-field-message\" class=\"elementor-field-label\">\n\t\t\t\t\t\t\t\tMessage\t\t\t\t\t\t\t<\/label>\n\t\t\t\t\t\t<textarea class=\"elementor-field-textual elementor-field  elementor-size-md\" name=\"form_fields[message]\" id=\"form-field-message\" rows=\"4\" placeholder=\"Message\"><\/textarea>\t\t\t\t<\/div>\n\t\t\t\t\t\t\t\t<div class=\"elementor-field-group elementor-column elementor-field-type-submit elementor-col-100 e-form__buttons\">\n\t\t\t\t\t<button class=\"elementor-button elementor-size-md\" type=\"submit\">\n\t\t\t\t\t\t<span class=\"elementor-button-content-wrapper\">\n\t\t\t\t\t\t\t\t\t\t\t\t\t\t\t\t\t\t\t\t\t\t<span class=\"elementor-button-text\">Submit<\/span>\n\t\t\t\t\t\t\t\t\t\t\t\t\t<\/span>\n\t\t\t\t\t<\/button>\n\t\t\t\t<\/div>\n\t\t\t<\/div>\n\t\t<input type=\"hidden\" name=\"trp-form-language\" value=\"en\"\/><\/form>\n\t\t\t\t\t\t<\/div>\n\t\t\t\t<\/div>\n\t\t\t\t<\/div>\n\t\t\t\t\t<\/div>\n\t\t\t\t<\/div>\n\t\t\t\t<\/div>","protected":false},"excerpt":{"rendered":"<p>Home Contact Us Contact Us Location Jln Cempaka Wangi No 22 Jakarta &#8211; Indonesia Call Us Phone : +6221.2002.2012 Fax: +6221.2002.2013 Email Us hello@yourdomain.tld support@yourdomain.tld Send us a message Let&#8217;s talk<\/p>","protected":false},"author":1,"featured_media":0,"parent":0,"menu_order":0,"comment_status":"closed","ping_status":"closed","template":"elementor_header_footer","meta":{"footnotes":""},"class_list":["post-1230","page","type-page","status-publish","hentry"],"yoast_head":"<!-- This site is optimized with the Yoast SEO plugin v27.5 - https:\/\/yoast.com\/product\/yoast-seo-wordpress\/ -->\n<title>Kontakt (NEW) - Kr\u00f3lestwo Marze\u0144<\/title>\n<meta name=\"description\" content=\"Home Contact Us Contact Us Location Jln Cempaka Wangi No 22 Jakarta - Indonesia Call Us Phone : +6221.2002.2012 Fax: +6221.2002.2013 Email Us \u2013 Sprawd\u017a wynajem zamk\u00f3w dmuchanych i dekoracji w Warszawie i okolicach!\" \/>\n<meta name=\"robots\" content=\"index, follow, max-snippet:-1, max-image-preview:large, max-video-preview:-1\" \/>\n<link rel=\"canonical\" href=\"https:\/\/krolestwomarzen.pl\/en\/kontakt-new\/\" \/>\n<meta property=\"og:locale\" content=\"en_GB\" \/>\n<meta property=\"og:type\" content=\"article\" \/>\n<meta property=\"og:title\" content=\"Kontakt (NEW) - Kr\u00f3lestwo Marze\u0144\" \/>\n<meta property=\"og:description\" content=\"Home Contact Us Contact Us Location Jln Cempaka Wangi No 22 Jakarta - Indonesia Call Us Phone : +6221.2002.2012 Fax: +6221.2002.2013 Email Us \u2013 Sprawd\u017a wynajem zamk\u00f3w dmuchanych i dekoracji w Warszawie i okolicach!\" \/>\n<meta property=\"og:url\" content=\"https:\/\/krolestwomarzen.pl\/en\/kontakt-new\/\" \/>\n<meta property=\"og:site_name\" content=\"Kr\u00f3lestwo Marze\u0144\" \/>\n<meta property=\"article:publisher\" content=\"https:\/\/facebook.com\/61574220811373\" \/>\n<meta property=\"article:modified_time\" content=\"2025-12-25T16:59:24+00:00\" \/>\n<meta property=\"og:image\" content=\"https:\/\/krolestwomarzen.pl\/wp-content\/uploads\/2025\/03\/krlestwo-marzen-high-resolution-logo-3-e1747126329240.png\" \/>\n\t<meta property=\"og:image:width\" content=\"1000\" \/>\n\t<meta property=\"og:image:height\" content=\"750\" \/>\n\t<meta property=\"og:image:type\" content=\"image\/png\" \/>\n<meta name=\"twitter:card\" content=\"summary_large_image\" \/>\n<meta name=\"twitter:label1\" content=\"Estimated reading time\" \/>\n\t<meta name=\"twitter:data1\" content=\"1 minute\" \/>\n<script type=\"application\/ld+json\" class=\"yoast-schema-graph\">{\"@context\":\"https:\\\/\\\/schema.org\",\"@graph\":[{\"@type\":\"WebPage\",\"@id\":\"https:\\\/\\\/krolestwomarzen.pl\\\/kontakt-new\\\/\",\"url\":\"https:\\\/\\\/krolestwomarzen.pl\\\/kontakt-new\\\/\",\"name\":\"Kontakt (NEW) - Kr\u00f3lestwo Marze\u0144\",\"isPartOf\":{\"@id\":\"https:\\\/\\\/krolestwomarzen.pl\\\/#website\"},\"datePublished\":\"2025-12-25T16:59:08+00:00\",\"dateModified\":\"2025-12-25T16:59:24+00:00\",\"description\":\"Home Contact Us Contact Us Location Jln Cempaka Wangi No 22 Jakarta - Indonesia Call Us Phone : +6221.2002.2012 Fax: +6221.2002.2013 Email Us \u2013 Sprawd\u017a wynajem zamk\u00f3w dmuchanych i dekoracji w Warszawie i okolicach!\",\"breadcrumb\":{\"@id\":\"https:\\\/\\\/krolestwomarzen.pl\\\/kontakt-new\\\/#breadcrumb\"},\"inLanguage\":\"en-GB\",\"potentialAction\":[{\"@type\":\"ReadAction\",\"target\":[\"https:\\\/\\\/krolestwomarzen.pl\\\/kontakt-new\\\/\"]}]},{\"@type\":\"BreadcrumbList\",\"@id\":\"https:\\\/\\\/krolestwomarzen.pl\\\/kontakt-new\\\/#breadcrumb\",\"itemListElement\":[{\"@type\":\"ListItem\",\"position\":1,\"name\":\"Strona g\u0142\u00f3wna\",\"item\":\"https:\\\/\\\/krolestwomarzen.pl\\\/\"},{\"@type\":\"ListItem\",\"position\":2,\"name\":\"Kontakt (NEW)\"}]},{\"@type\":\"WebSite\",\"@id\":\"https:\\\/\\\/krolestwomarzen.pl\\\/#website\",\"url\":\"https:\\\/\\\/krolestwomarzen.pl\\\/\",\"name\":\"Kr\u00f3lestwo Marze\u0144 \u2013 Wynajem Zamk\u00f3w Dmuchanych i Dekoracji\",\"description\":\"\",\"publisher\":{\"@id\":\"https:\\\/\\\/krolestwomarzen.pl\\\/#organization\"},\"alternateName\":\"Kr\u00f3lestwo Marze\u0144\",\"potentialAction\":[{\"@type\":\"SearchAction\",\"target\":{\"@type\":\"EntryPoint\",\"urlTemplate\":\"https:\\\/\\\/krolestwomarzen.pl\\\/?s={search_term_string}\"},\"query-input\":{\"@type\":\"PropertyValueSpecification\",\"valueRequired\":true,\"valueName\":\"search_term_string\"}}],\"inLanguage\":\"en-GB\"},{\"@type\":\"Organization\",\"@id\":\"https:\\\/\\\/krolestwomarzen.pl\\\/#organization\",\"name\":\"Kr\u00f3lestwo Marze\u0144 \u2013 Wynajem Zamk\u00f3w Dmuchanych i Dekoracji\",\"alternateName\":\"Kr\u00f3lestwo Marze\u0144\",\"url\":\"https:\\\/\\\/krolestwomarzen.pl\\\/\",\"logo\":{\"@type\":\"ImageObject\",\"inLanguage\":\"en-GB\",\"@id\":\"https:\\\/\\\/krolestwomarzen.pl\\\/#\\\/schema\\\/logo\\\/image\\\/\",\"url\":\"https:\\\/\\\/krolestwomarzen.pl\\\/wp-content\\\/uploads\\\/2025\\\/03\\\/krlestwo-marzen-high-resolution-logo-3-e1747126329240.png\",\"contentUrl\":\"https:\\\/\\\/krolestwomarzen.pl\\\/wp-content\\\/uploads\\\/2025\\\/03\\\/krlestwo-marzen-high-resolution-logo-3-e1747126329240.png\",\"width\":1000,\"height\":750,\"caption\":\"Kr\u00f3lestwo Marze\u0144 \u2013 Wynajem Zamk\u00f3w Dmuchanych i Dekoracji\"},\"image\":{\"@id\":\"https:\\\/\\\/krolestwomarzen.pl\\\/#\\\/schema\\\/logo\\\/image\\\/\"},\"sameAs\":[\"https:\\\/\\\/facebook.com\\\/61574220811373\",\"https:\\\/\\\/www.instagram.com\\\/krolestwo.marzen\",\"https:\\\/\\\/wedding.pl\\\/atrakcje-na-wesele\\\/krolestwo-marzen\"]}]}<\/script>\n<!-- \/ Yoast SEO plugin. -->","yoast_head_json":{"title":"Kontakt (NEW) - Kr\u00f3lestwo Marze\u0144","description":"Home Contact Us Contact Us Location Jln Cempaka Wangi No 22 Jakarta - Indonesia Call Us Phone : +6221.2002.2012 Fax: +6221.2002.2013 Email Us \u2013 Sprawd\u017a wynajem zamk\u00f3w dmuchanych i dekoracji w Warszawie i okolicach!","robots":{"index":"index","follow":"follow","max-snippet":"max-snippet:-1","max-image-preview":"max-image-preview:large","max-video-preview":"max-video-preview:-1"},"canonical":"https:\/\/krolestwomarzen.pl\/en\/kontakt-new\/","og_locale":"en_GB","og_type":"article","og_title":"Kontakt (NEW) - Kr\u00f3lestwo Marze\u0144","og_description":"Home Contact Us Contact Us Location Jln Cempaka Wangi No 22 Jakarta - Indonesia Call Us Phone : +6221.2002.2012 Fax: +6221.2002.2013 Email Us \u2013 Sprawd\u017a wynajem zamk\u00f3w dmuchanych i dekoracji w Warszawie i okolicach!","og_url":"https:\/\/krolestwomarzen.pl\/en\/kontakt-new\/","og_site_name":"Kr\u00f3lestwo Marze\u0144","article_publisher":"https:\/\/facebook.com\/61574220811373","article_modified_time":"2025-12-25T16:59:24+00:00","og_image":[{"width":1000,"height":750,"url":"https:\/\/krolestwomarzen.pl\/wp-content\/uploads\/2025\/03\/krlestwo-marzen-high-resolution-logo-3-e1747126329240.png","type":"image\/png"}],"twitter_card":"summary_large_image","twitter_misc":{"Estimated reading time":"1 minute"},"schema":{"@context":"https:\/\/schema.org","@graph":[{"@type":"WebPage","@id":"https:\/\/krolestwomarzen.pl\/kontakt-new\/","url":"https:\/\/krolestwomarzen.pl\/kontakt-new\/","name":"Kontakt (NEW) - Kr\u00f3lestwo Marze\u0144","isPartOf":{"@id":"https:\/\/krolestwomarzen.pl\/#website"},"datePublished":"2025-12-25T16:59:08+00:00","dateModified":"2025-12-25T16:59:24+00:00","description":"Home Contact Us Contact Us Location Jln Cempaka Wangi No 22 Jakarta - Indonesia Call Us Phone : +6221.2002.2012 Fax: +6221.2002.2013 Email Us \u2013 Sprawd\u017a wynajem zamk\u00f3w dmuchanych i dekoracji w Warszawie i okolicach!","breadcrumb":{"@id":"https:\/\/krolestwomarzen.pl\/kontakt-new\/#breadcrumb"},"inLanguage":"en-GB","potentialAction":[{"@type":"ReadAction","target":["https:\/\/krolestwomarzen.pl\/kontakt-new\/"]}]},{"@type":"BreadcrumbList","@id":"https:\/\/krolestwomarzen.pl\/kontakt-new\/#breadcrumb","itemListElement":[{"@type":"ListItem","position":1,"name":"Strona g\u0142\u00f3wna","item":"https:\/\/krolestwomarzen.pl\/"},{"@type":"ListItem","position":2,"name":"Kontakt (NEW)"}]},{"@type":"WebSite","@id":"https:\/\/krolestwomarzen.pl\/#website","url":"https:\/\/krolestwomarzen.pl\/","name":"Kr\u00f3lestwo Marze\u0144 \u2013 Wynajem Zamk\u00f3w Dmuchanych i Dekoracji","description":"","publisher":{"@id":"https:\/\/krolestwomarzen.pl\/#organization"},"alternateName":"Kr\u00f3lestwo Marze\u0144","potentialAction":[{"@type":"SearchAction","target":{"@type":"EntryPoint","urlTemplate":"https:\/\/krolestwomarzen.pl\/?s={search_term_string}"},"query-input":{"@type":"PropertyValueSpecification","valueRequired":true,"valueName":"search_term_string"}}],"inLanguage":"en-GB"},{"@type":"Organization","@id":"https:\/\/krolestwomarzen.pl\/#organization","name":"Kr\u00f3lestwo Marze\u0144 \u2013 Wynajem Zamk\u00f3w Dmuchanych i Dekoracji","alternateName":"Kr\u00f3lestwo Marze\u0144","url":"https:\/\/krolestwomarzen.pl\/","logo":{"@type":"ImageObject","inLanguage":"en-GB","@id":"https:\/\/krolestwomarzen.pl\/#\/schema\/logo\/image\/","url":"https:\/\/krolestwomarzen.pl\/wp-content\/uploads\/2025\/03\/krlestwo-marzen-high-resolution-logo-3-e1747126329240.png","contentUrl":"https:\/\/krolestwomarzen.pl\/wp-content\/uploads\/2025\/03\/krlestwo-marzen-high-resolution-logo-3-e1747126329240.png","width":1000,"height":750,"caption":"Kr\u00f3lestwo Marze\u0144 \u2013 Wynajem Zamk\u00f3w Dmuchanych i Dekoracji"},"image":{"@id":"https:\/\/krolestwomarzen.pl\/#\/schema\/logo\/image\/"},"sameAs":["https:\/\/facebook.com\/61574220811373","https:\/\/www.instagram.com\/krolestwo.marzen","https:\/\/wedding.pl\/atrakcje-na-wesele\/krolestwo-marzen"]}]}},"jetpack_sharing_enabled":true,"_links":{"self":[{"href":"https:\/\/krolestwomarzen.pl\/en\/wp-json\/wp\/v2\/pages\/1230","targetHints":{"allow":["GET"]}}],"collection":[{"href":"https:\/\/krolestwomarzen.pl\/en\/wp-json\/wp\/v2\/pages"}],"about":[{"href":"https:\/\/krolestwomarzen.pl\/en\/wp-json\/wp\/v2\/types\/page"}],"author":[{"embeddable":true,"href":"https:\/\/krolestwomarzen.pl\/en\/wp-json\/wp\/v2\/users\/1"}],"replies":[{"embeddable":true,"href":"https:\/\/krolestwomarzen.pl\/en\/wp-json\/wp\/v2\/comments?post=1230"}],"version-history":[{"count":4,"href":"https:\/\/krolestwomarzen.pl\/en\/wp-json\/wp\/v2\/pages\/1230\/revisions"}],"predecessor-version":[{"id":1234,"href":"https:\/\/krolestwomarzen.pl\/en\/wp-json\/wp\/v2\/pages\/1230\/revisions\/1234"}],"wp:attachment":[{"href":"https:\/\/krolestwomarzen.pl\/en\/wp-json\/wp\/v2\/media?parent=1230"}],"curies":[{"name":"wp","href":"https:\/\/api.w.org\/{rel}","templated":true}]}}