{"id":210,"date":"2025-03-12T15:02:10","date_gmt":"2025-03-12T15:02:10","guid":{"rendered":"https:\/\/krolestwomarzen.pl\/contact\/"},"modified":"2025-04-03T21:02:49","modified_gmt":"2025-04-03T21:02:49","slug":"contact","status":"publish","type":"page","link":"https:\/\/krolestwomarzen.pl\/en\/contact\/","title":{"rendered":"Contact"},"content":{"rendered":"<div data-elementor-type=\"wp-page\" data-elementor-id=\"210\" class=\"elementor elementor-210\" data-elementor-post-type=\"page\">\n\t\t\t\t<div class=\"elementor-element elementor-element-2fd2787 e-flex e-con-boxed e-con e-parent\" data-id=\"2fd2787\" data-element_type=\"container\" data-e-type=\"container\" data-settings=\"{&quot;background_background&quot;:&quot;classic&quot;}\">\n\t\t\t\t\t<div class=\"e-con-inner\">\n\t\t\t\t<div class=\"elementor-element elementor-element-2aedb2cf elementor-widget elementor-widget-heading\" data-id=\"2aedb2cf\" data-element_type=\"widget\" data-e-type=\"widget\" data-widget_type=\"heading.default\">\n\t\t\t\t<div class=\"elementor-widget-container\">\n\t\t\t\t\t<h1 class=\"elementor-heading-title elementor-size-default\">Kontakt<\/h1>\t\t\t\t<\/div>\n\t\t\t\t<\/div>\n\t\t\t\t<div class=\"elementor-element elementor-element-136873a elementor-align-center elementor-icon-list--layout-traditional elementor-list-item-link-full_width elementor-widget elementor-widget-icon-list\" data-id=\"136873a\" data-element_type=\"widget\" data-e-type=\"widget\" data-widget_type=\"icon-list.default\">\n\t\t\t\t<div class=\"elementor-widget-container\">\n\t\t\t\t\t\t\t<ul class=\"elementor-icon-list-items\">\n\t\t\t\t\t\t\t<li class=\"elementor-icon-list-item\">\n\t\t\t\t\t\t\t\t\t\t\t<a href=\"tel:123-456-7890\">\n\n\t\t\t\t\t\t\t\t\t\t\t\t<span class=\"elementor-icon-list-icon\">\n\t\t\t\t\t\t\t<svg aria-hidden=\"true\" class=\"e-font-icon-svg e-fas-phone-alt\" viewbox=\"0 0 512 512\" xmlns=\"http:\/\/www.w3.org\/2000\/svg\"><path d=\"M497.39 361.8l-112-48a24 24 0 0 0-28 6.9l-49.6 60.6A370.66 370.66 0 0 1 130.6 204.11l60.6-49.6a23.94 23.94 0 0 0 6.9-28l-48-112A24.16 24.16 0 0 0 122.6.61l-104 24A24 24 0 0 0 0 48c0 256.5 207.9 464 464 464a24 24 0 0 0 23.4-18.6l24-104a24.29 24.29 0 0 0-14.01-27.6z\"><\/path><\/svg>\t\t\t\t\t\t<\/span>\n\t\t\t\t\t\t\t\t\t\t<span class=\"elementor-icon-list-text\">537-255-205<\/span>\n\t\t\t\t\t\t\t\t\t\t\t<\/a>\n\t\t\t\t\t\t\t\t\t<\/li>\n\t\t\t\t\t\t\t\t<li class=\"elementor-icon-list-item\">\n\t\t\t\t\t\t\t\t\t\t\t<a href=\"mailto:contact@mysite.com\">\n\n\t\t\t\t\t\t\t\t\t\t\t\t<span class=\"elementor-icon-list-icon\">\n\t\t\t\t\t\t\t<svg aria-hidden=\"true\" class=\"e-font-icon-svg e-fas-mail-bulk\" viewbox=\"0 0 576 512\" xmlns=\"http:\/\/www.w3.org\/2000\/svg\"><path d=\"M160 448c-25.6 0-51.2-22.4-64-32-64-44.8-83.2-60.8-96-70.4V480c0 17.67 14.33 32 32 32h256c17.67 0 32-14.33 32-32V345.6c-12.8 9.6-32 25.6-96 70.4-12.8 9.6-38.4 32-64 32zm128-192H32c-17.67 0-32 14.33-32 32v16c25.6 19.2 22.4 19.2 115.2 86.4 9.6 6.4 28.8 25.6 44.8 25.6s35.2-19.2 44.8-22.4c92.8-67.2 89.6-67.2 115.2-86.4V288c0-17.67-14.33-32-32-32zm256-96H224c-17.67 0-32 14.33-32 32v32h96c33.21 0 60.59 25.42 63.71 57.82l.29-.22V416h192c17.67 0 32-14.33 32-32V192c0-17.67-14.33-32-32-32zm-32 128h-64v-64h64v64zm-352-96c0-35.29 28.71-64 64-64h224V32c0-17.67-14.33-32-32-32H96C78.33 0 64 14.33 64 32v192h96v-32z\"><\/path><\/svg>\t\t\t\t\t\t<\/span>\n\t\t\t\t\t\t\t\t\t\t<span class=\"elementor-icon-list-text\">biuro@krolestwomarzen.pl<\/span>\n\t\t\t\t\t\t\t\t\t\t\t<\/a>\n\t\t\t\t\t\t\t\t\t<\/li>\n\t\t\t\t\t\t<\/ul>\n\t\t\t\t\t\t<\/div>\n\t\t\t\t<\/div>\n\t\t\t\t\t<\/div>\n\t\t\t\t<\/div>\n\t\t<div class=\"elementor-element elementor-element-37f4cd32 e-flex e-con-boxed e-con e-parent\" data-id=\"37f4cd32\" data-element_type=\"container\" data-e-type=\"container\">\n\t\t\t\t\t<div class=\"e-con-inner\">\n\t\t\t\t<div class=\"elementor-element elementor-element-4c7b23ab elementor-widget elementor-widget-text-editor\" data-id=\"4c7b23ab\" data-element_type=\"widget\" data-e-type=\"widget\" data-widget_type=\"text-editor.default\">\n\t\t\t\t<div class=\"elementor-widget-container\">\n\t\t\t\t\t\t\t\t\t<p>Wype\u0142nij poni\u017cszy formularz, a skontaktujemy si\u0119 z Tob\u0105 jak najszybciej!<\/p>\t\t\t\t\t\t\t\t<\/div>\n\t\t\t\t<\/div>\n\t\t\t\t<div class=\"elementor-element elementor-element-6333ddba elementor-button-align-center elementor-widget elementor-widget-form\" data-id=\"6333ddba\" data-element_type=\"widget\" data-e-type=\"widget\" data-settings=\"{&quot;step_next_label&quot;:&quot;Next&quot;,&quot;step_previous_label&quot;:&quot;Previous&quot;,&quot;button_width&quot;:&quot;100&quot;,&quot;step_type&quot;:&quot;number_text&quot;,&quot;step_icon_shape&quot;:&quot;circle&quot;}\" data-widget_type=\"form.default\">\n\t\t\t\t<div class=\"elementor-widget-container\">\n\t\t\t\t\t\t\t<form class=\"elementor-form\" method=\"post\" name=\"Contact Form\" aria-label=\"Contact Form\" action=\"\">\n\t\t\t<input type=\"hidden\" name=\"post_id\" value=\"210\"\/>\n\t\t\t<input type=\"hidden\" name=\"form_id\" value=\"6333ddba\"\/>\n\t\t\t<input type=\"hidden\" name=\"referer_title\" value=\"Contact - Kr\u00f3lestwo Marze\u0144\" \/>\n\n\t\t\t\t\t\t\t<input type=\"hidden\" name=\"queried_id\" value=\"210\"\/>\n\t\t\t\n\t\t\t<div class=\"elementor-form-fields-wrapper elementor-labels-\">\n\t\t\t\t\t\t\t\t<div class=\"elementor-field-type-text elementor-field-group elementor-column elementor-field-group-name elementor-col-50\">\n\t\t\t\t\t\t\t\t\t\t\t\t<label for=\"form-field-name\" class=\"elementor-field-label elementor-screen-only\">\n\t\t\t\t\t\t\t\tImi\u0119\t\t\t\t\t\t\t<\/label>\n\t\t\t\t\t\t\t\t\t\t\t\t\t\t<input size=\"1\" type=\"text\" name=\"form_fields[name]\" id=\"form-field-name\" class=\"elementor-field elementor-size-sm  elementor-field-textual\" placeholder=\"Imi\u0119\">\n\t\t\t\t\t\t\t\t\t\t\t<\/div>\n\t\t\t\t\t\t\t\t<div class=\"elementor-field-type-email elementor-field-group elementor-column elementor-field-group-email elementor-col-50 elementor-field-required\">\n\t\t\t\t\t\t\t\t\t\t\t\t<label for=\"form-field-email\" class=\"elementor-field-label elementor-screen-only\">\n\t\t\t\t\t\t\t\tEmail\t\t\t\t\t\t\t<\/label>\n\t\t\t\t\t\t\t\t\t\t\t\t\t\t<input size=\"1\" type=\"email\" name=\"form_fields[email]\" id=\"form-field-email\" class=\"elementor-field elementor-size-sm  elementor-field-textual\" placeholder=\"Email\" required=\"required\">\n\t\t\t\t\t\t\t\t\t\t\t<\/div>\n\t\t\t\t\t\t\t\t<div class=\"elementor-field-type-tel elementor-field-group elementor-column elementor-field-group-field_6c180a9 elementor-col-50 elementor-field-required\">\n\t\t\t\t\t\t\t\t\t\t\t\t<label for=\"form-field-field_6c180a9\" class=\"elementor-field-label elementor-screen-only\">\n\t\t\t\t\t\t\t\tNumer Telefonu\t\t\t\t\t\t\t<\/label>\n\t\t\t\t\t\t\t\t<input size=\"1\" type=\"tel\" name=\"form_fields[field_6c180a9]\" id=\"form-field-field_6c180a9\" class=\"elementor-field elementor-size-sm  elementor-field-textual\" placeholder=\"Numer Telefonu\" required=\"required\" pattern=\"[0-9()#&amp;+*-=.]+\" title=\"Only numbers and phone characters (#, -, *, etc) are accepted.\" data-no-translation-title=\"\">\n\n\t\t\t\t\t\t<\/div>\n\t\t\t\t\t\t\t\t<div class=\"elementor-field-type-text elementor-field-group elementor-column elementor-field-group-field_b743cd7 elementor-col-50 elementor-field-required\">\n\t\t\t\t\t\t\t\t\t\t\t\t<label for=\"form-field-field_b743cd7\" class=\"elementor-field-label elementor-screen-only\">\n\t\t\t\t\t\t\t\tProdukt\t\t\t\t\t\t\t<\/label>\n\t\t\t\t\t\t\t\t\t\t\t\t\t\t<input size=\"1\" type=\"text\" name=\"form_fields[field_b743cd7]\" id=\"form-field-field_b743cd7\" class=\"elementor-field elementor-size-sm  elementor-field-textual\" placeholder=\"Produkt\" required=\"required\">\n\t\t\t\t\t\t\t\t\t\t\t<\/div>\n\t\t\t\t\t\t\t\t<div class=\"elementor-field-type-textarea elementor-field-group elementor-column elementor-field-group-message elementor-col-100\">\n\t\t\t\t\t\t\t\t\t\t\t\t<label for=\"form-field-message\" class=\"elementor-field-label elementor-screen-only\">\n\t\t\t\t\t\t\t\tWiadomo\u015b\u0107\t\t\t\t\t\t\t<\/label>\n\t\t\t\t\t\t<textarea class=\"elementor-field-textual elementor-field  elementor-size-sm\" name=\"form_fields[message]\" id=\"form-field-message\" rows=\"4\" placeholder=\"Wiadomo\u015b\u0107\"><\/textarea>\t\t\t\t<\/div>\n\t\t\t\t\t\t\t\t<div class=\"elementor-field-group elementor-column elementor-field-type-submit elementor-col-100 e-form__buttons\">\n\t\t\t\t\t<button class=\"elementor-button elementor-size-sm\" type=\"submit\">\n\t\t\t\t\t\t<span class=\"elementor-button-content-wrapper\">\n\t\t\t\t\t\t\t\t\t\t\t\t\t\t\t\t\t\t\t\t\t\t<span class=\"elementor-button-text\">Wy\u015blij<\/span>\n\t\t\t\t\t\t\t\t\t\t\t\t\t<\/span>\n\t\t\t\t\t<\/button>\n\t\t\t\t<\/div>\n\t\t\t<\/div>\n\t\t<input type=\"hidden\" name=\"trp-form-language\" value=\"en\"\/><\/form>\n\t\t\t\t\t\t<\/div>\n\t\t\t\t<\/div>\n\t\t\t\t\t<\/div>\n\t\t\t\t<\/div>\n\t\t<div class=\"elementor-element elementor-element-65fcced e-flex e-con-boxed e-con e-parent\" data-id=\"65fcced\" data-element_type=\"container\" data-e-type=\"container\">\n\t\t\t\t\t<div class=\"e-con-inner\">\n\t\t\t\t<div class=\"elementor-element elementor-element-69462f40 elementor-widget elementor-widget-heading\" data-id=\"69462f40\" data-element_type=\"widget\" data-e-type=\"widget\" data-widget_type=\"heading.default\">\n\t\t\t\t<div class=\"elementor-widget-container\">\n\t\t\t\t\t<h2 class=\"elementor-heading-title elementor-size-default\">Opinie Klient\u00f3w<\/h2>\t\t\t\t<\/div>\n\t\t\t\t<\/div>\n\t\t<div class=\"elementor-element elementor-element-482858fc e-con-full e-flex e-con e-child\" data-id=\"482858fc\" data-element_type=\"container\" data-e-type=\"container\">\n\t\t\t\t<div class=\"elementor-element elementor-element-14c47638 elementor-widget__width-initial elementor-widget-tablet__width-inherit elementor-widget elementor-widget-testimonial\" data-id=\"14c47638\" data-element_type=\"widget\" data-e-type=\"widget\" data-widget_type=\"testimonial.default\">\n\t\t\t\t<div class=\"elementor-widget-container\">\n\t\t\t\t\t\t\t<div class=\"elementor-testimonial-wrapper\">\n\t\t\t\t\t\t\t<div class=\"elementor-testimonial-content\">To dopiero pocz\u0105tek! Czekam na pierwsz\u0105 opini\u0119 od Was \u2013 Wasze zdanie naprawd\u0119 si\u0119 liczy!<br><br><\/div>\n\t\t\t\n\t\t\t\t\t\t<div class=\"elementor-testimonial-meta elementor-has-image elementor-testimonial-image-position-aside\">\n\t\t\t\t<div class=\"elementor-testimonial-meta-inner\">\n\t\t\t\t\t\t\t\t\t\t\t<div class=\"elementor-testimonial-image\">\n\t\t\t\t\t\t\t<img decoding=\"async\" width=\"63\" height=\"63\" src=\"https:\/\/krolestwomarzen.pl\/wp-content\/uploads\/2025\/03\/63x63.jpg\" class=\"attachment-full size-full wp-image-187\" alt=\"\" \/>\t\t\t\t\t\t<\/div>\n\t\t\t\t\t\n\t\t\t\t\t\t\t\t\t\t<div class=\"elementor-testimonial-details\">\n\t\t\t\t\t\t\t\t\t\t\t\t\t\t<div class=\"elementor-testimonial-name\">Client Name<\/div>\n\t\t\t\t\t\t\t\t\t\t\t\t\t\t\t\t\t\t\t<\/div>\n\t\t\t\t\t\t\t\t\t<\/div>\n\t\t\t<\/div>\n\t\t\t\t\t<\/div>\n\t\t\t\t\t\t<\/div>\n\t\t\t\t<\/div>\n\t\t\t\t<div class=\"elementor-element elementor-element-2805a2f6 elementor-widget__width-initial elementor-widget-tablet__width-inherit elementor-widget elementor-widget-testimonial\" data-id=\"2805a2f6\" data-element_type=\"widget\" data-e-type=\"widget\" data-widget_type=\"testimonial.default\">\n\t\t\t\t<div class=\"elementor-widget-container\">\n\t\t\t\t\t\t\t<div class=\"elementor-testimonial-wrapper\">\n\t\t\t\t\t\t\t<div class=\"elementor-testimonial-content\">Pierwsze opinie klient\u00f3w to zawsze szczeg\u00f3lny moment. Z niecierpliwo\u015bci\u0105 czekam na t\u0119 pierwsz\u0105 \u2013 by\u0107 mo\u017ce b\u0119dzie nale\u017ca\u0142a w\u0142a\u015bnie do Ciebie.<\/div>\n\t\t\t\n\t\t\t\t\t\t<div class=\"elementor-testimonial-meta elementor-has-image elementor-testimonial-image-position-aside\">\n\t\t\t\t<div class=\"elementor-testimonial-meta-inner\">\n\t\t\t\t\t\t\t\t\t\t\t<div class=\"elementor-testimonial-image\">\n\t\t\t\t\t\t\t<img decoding=\"async\" width=\"63\" height=\"63\" src=\"https:\/\/krolestwomarzen.pl\/wp-content\/uploads\/2025\/03\/63x63.jpg\" class=\"attachment-full size-full wp-image-187\" alt=\"\" \/>\t\t\t\t\t\t<\/div>\n\t\t\t\t\t\n\t\t\t\t\t\t\t\t\t\t<div class=\"elementor-testimonial-details\">\n\t\t\t\t\t\t\t\t\t\t\t\t\t\t<div class=\"elementor-testimonial-name\">Client Name<\/div>\n\t\t\t\t\t\t\t\t\t\t\t\t\t\t\t\t\t\t\t<\/div>\n\t\t\t\t\t\t\t\t\t<\/div>\n\t\t\t<\/div>\n\t\t\t\t\t<\/div>\n\t\t\t\t\t\t<\/div>\n\t\t\t\t<\/div>\n\t\t\t\t<div class=\"elementor-element elementor-element-6e3a3ec5 elementor-widget__width-initial elementor-widget-tablet__width-inherit elementor-widget elementor-widget-testimonial\" data-id=\"6e3a3ec5\" data-element_type=\"widget\" data-e-type=\"widget\" data-widget_type=\"testimonial.default\">\n\t\t\t\t<div class=\"elementor-widget-container\">\n\t\t\t\t\t\t\t<div class=\"elementor-testimonial-wrapper\">\n\t\t\t\t\t\t\t<div class=\"elementor-testimonial-content\">Cisza... jeszcze \u017cadna opinia si\u0119 nie pojawi\u0142a \u2013 mo\u017ce w\u0142a\u015bnie Twoja b\u0119dzie pierwsza? \ud83d\ude09<br><br><\/div>\n\t\t\t\n\t\t\t\t\t\t<div class=\"elementor-testimonial-meta elementor-has-image elementor-testimonial-image-position-aside\">\n\t\t\t\t<div class=\"elementor-testimonial-meta-inner\">\n\t\t\t\t\t\t\t\t\t\t\t<div class=\"elementor-testimonial-image\">\n\t\t\t\t\t\t\t<img decoding=\"async\" width=\"63\" height=\"63\" src=\"https:\/\/krolestwomarzen.pl\/wp-content\/uploads\/2025\/03\/63x63.jpg\" class=\"attachment-full size-full wp-image-187\" alt=\"\" \/>\t\t\t\t\t\t<\/div>\n\t\t\t\t\t\n\t\t\t\t\t\t\t\t\t\t<div class=\"elementor-testimonial-details\">\n\t\t\t\t\t\t\t\t\t\t\t\t\t\t<div class=\"elementor-testimonial-name\">Client Name<\/div>\n\t\t\t\t\t\t\t\t\t\t\t\t\t\t\t\t\t\t\t<\/div>\n\t\t\t\t\t\t\t\t\t<\/div>\n\t\t\t<\/div>\n\t\t\t\t\t<\/div>\n\t\t\t\t\t\t<\/div>\n\t\t\t\t<\/div>\n\t\t\t\t<\/div>\n\t\t\t\t\t<\/div>\n\t\t\t\t<\/div>\n\t\t\t\t<\/div>","protected":false},"excerpt":{"rendered":"<p>Kontakt 537-255-205 biuro@krolestwomarzen.pl Wype\u0142nij poni\u017cszy formularz, a skontaktujemy si\u0119 z Tob\u0105 jak najszybciej! Opinie Klient\u00f3w To dopiero pocz\u0105tek! Czekam na pierwsz\u0105 opini\u0119 od Was \u2013 Wasze zdanie naprawd\u0119 si\u0119 liczy! Client Name Pierwsze opinie klient\u00f3w to zawsze szczeg\u00f3lny moment. Z niecierpliwo\u015bci\u0105 czekam na t\u0119 pierwsz\u0105 \u2013 by\u0107 mo\u017ce b\u0119dzie nale\u017ca\u0142a w\u0142a\u015bnie do Ciebie. Client Name [&hellip;]<\/p>","protected":false},"author":1,"featured_media":0,"parent":0,"menu_order":0,"comment_status":"closed","ping_status":"closed","template":"elementor_header_footer","meta":{"footnotes":""},"class_list":["post-210","page","type-page","status-publish","hentry"],"yoast_head":"<!-- This site is optimized with the Yoast SEO plugin v27.3 - https:\/\/yoast.com\/product\/yoast-seo-wordpress\/ -->\n<title>Contact - Kr\u00f3lestwo Marze\u0144<\/title>\n<meta name=\"description\" content=\"Kontakt 537-255-205 biuro@krolestwomarzen.pl Wype\u0142nij poni\u017cszy formularz, a skontaktujemy si\u0119 z Tob\u0105 jak najszybciej! Opinie Klient\u00f3w To dopiero pocz\u0105tek! \u2013 Sprawd\u017a wynajem zamk\u00f3w dmuchanych i dekoracji w Warszawie i okolicach!\" \/>\n<meta name=\"robots\" content=\"index, follow, max-snippet:-1, max-image-preview:large, max-video-preview:-1\" \/>\n<link rel=\"canonical\" href=\"https:\/\/krolestwomarzen.pl\/en\/contact\/\" \/>\n<meta property=\"og:locale\" content=\"en_GB\" \/>\n<meta property=\"og:type\" content=\"article\" \/>\n<meta property=\"og:title\" content=\"Contact - Kr\u00f3lestwo Marze\u0144\" \/>\n<meta property=\"og:description\" content=\"Kontakt 537-255-205 biuro@krolestwomarzen.pl Wype\u0142nij poni\u017cszy formularz, a skontaktujemy si\u0119 z Tob\u0105 jak najszybciej! Opinie Klient\u00f3w To dopiero pocz\u0105tek! \u2013 Sprawd\u017a wynajem zamk\u00f3w dmuchanych i dekoracji w Warszawie i okolicach!\" \/>\n<meta property=\"og:url\" content=\"https:\/\/krolestwomarzen.pl\/en\/contact\/\" \/>\n<meta property=\"og:site_name\" content=\"Kr\u00f3lestwo Marze\u0144\" \/>\n<meta property=\"article:publisher\" content=\"https:\/\/facebook.com\/61574220811373\" \/>\n<meta property=\"article:modified_time\" content=\"2025-04-03T21:02:49+00:00\" \/>\n<meta property=\"og:image\" content=\"http:\/\/krolestwomarzen.pl\/wp-content\/uploads\/2025\/03\/63x63.jpg\" \/>\n<meta name=\"twitter:card\" content=\"summary_large_image\" \/>\n<script type=\"application\/ld+json\" class=\"yoast-schema-graph\">{\"@context\":\"https:\\\/\\\/schema.org\",\"@graph\":[{\"@type\":\"WebPage\",\"@id\":\"https:\\\/\\\/krolestwomarzen.pl\\\/contact\\\/\",\"url\":\"https:\\\/\\\/krolestwomarzen.pl\\\/contact\\\/\",\"name\":\"Contact - Kr\u00f3lestwo Marze\u0144\",\"isPartOf\":{\"@id\":\"https:\\\/\\\/krolestwomarzen.pl\\\/#website\"},\"primaryImageOfPage\":{\"@id\":\"https:\\\/\\\/krolestwomarzen.pl\\\/contact\\\/#primaryimage\"},\"image\":{\"@id\":\"https:\\\/\\\/krolestwomarzen.pl\\\/contact\\\/#primaryimage\"},\"thumbnailUrl\":\"http:\\\/\\\/krolestwomarzen.pl\\\/wp-content\\\/uploads\\\/2025\\\/03\\\/63x63.jpg\",\"datePublished\":\"2025-03-12T15:02:10+00:00\",\"dateModified\":\"2025-04-03T21:02:49+00:00\",\"description\":\"Kontakt 537-255-205 biuro@krolestwomarzen.pl Wype\u0142nij poni\u017cszy formularz, a skontaktujemy si\u0119 z Tob\u0105 jak najszybciej! Opinie Klient\u00f3w To dopiero pocz\u0105tek! \u2013 Sprawd\u017a wynajem zamk\u00f3w dmuchanych i dekoracji w Warszawie i okolicach!\",\"breadcrumb\":{\"@id\":\"https:\\\/\\\/krolestwomarzen.pl\\\/contact\\\/#breadcrumb\"},\"inLanguage\":\"en-GB\",\"potentialAction\":[{\"@type\":\"ReadAction\",\"target\":[\"https:\\\/\\\/krolestwomarzen.pl\\\/contact\\\/\"]}]},{\"@type\":\"ImageObject\",\"inLanguage\":\"en-GB\",\"@id\":\"https:\\\/\\\/krolestwomarzen.pl\\\/contact\\\/#primaryimage\",\"url\":\"http:\\\/\\\/krolestwomarzen.pl\\\/wp-content\\\/uploads\\\/2025\\\/03\\\/63x63.jpg\",\"contentUrl\":\"http:\\\/\\\/krolestwomarzen.pl\\\/wp-content\\\/uploads\\\/2025\\\/03\\\/63x63.jpg\"},{\"@type\":\"BreadcrumbList\",\"@id\":\"https:\\\/\\\/krolestwomarzen.pl\\\/contact\\\/#breadcrumb\",\"itemListElement\":[{\"@type\":\"ListItem\",\"position\":1,\"name\":\"Strona g\u0142\u00f3wna\",\"item\":\"https:\\\/\\\/krolestwomarzen.pl\\\/\"},{\"@type\":\"ListItem\",\"position\":2,\"name\":\"Contact\"}]},{\"@type\":\"WebSite\",\"@id\":\"https:\\\/\\\/krolestwomarzen.pl\\\/#website\",\"url\":\"https:\\\/\\\/krolestwomarzen.pl\\\/\",\"name\":\"Kr\u00f3lestwo Marze\u0144 \u2013 Wynajem Zamk\u00f3w Dmuchanych i Dekoracji\",\"description\":\"\",\"publisher\":{\"@id\":\"https:\\\/\\\/krolestwomarzen.pl\\\/#organization\"},\"alternateName\":\"Kr\u00f3lestwo Marze\u0144\",\"potentialAction\":[{\"@type\":\"SearchAction\",\"target\":{\"@type\":\"EntryPoint\",\"urlTemplate\":\"https:\\\/\\\/krolestwomarzen.pl\\\/?s={search_term_string}\"},\"query-input\":{\"@type\":\"PropertyValueSpecification\",\"valueRequired\":true,\"valueName\":\"search_term_string\"}}],\"inLanguage\":\"en-GB\"},{\"@type\":\"Organization\",\"@id\":\"https:\\\/\\\/krolestwomarzen.pl\\\/#organization\",\"name\":\"Kr\u00f3lestwo Marze\u0144 \u2013 Wynajem Zamk\u00f3w Dmuchanych i Dekoracji\",\"alternateName\":\"Kr\u00f3lestwo Marze\u0144\",\"url\":\"https:\\\/\\\/krolestwomarzen.pl\\\/\",\"logo\":{\"@type\":\"ImageObject\",\"inLanguage\":\"en-GB\",\"@id\":\"https:\\\/\\\/krolestwomarzen.pl\\\/#\\\/schema\\\/logo\\\/image\\\/\",\"url\":\"https:\\\/\\\/krolestwomarzen.pl\\\/wp-content\\\/uploads\\\/2025\\\/03\\\/krlestwo-marzen-high-resolution-logo-3-e1747126329240.png\",\"contentUrl\":\"https:\\\/\\\/krolestwomarzen.pl\\\/wp-content\\\/uploads\\\/2025\\\/03\\\/krlestwo-marzen-high-resolution-logo-3-e1747126329240.png\",\"width\":1000,\"height\":750,\"caption\":\"Kr\u00f3lestwo Marze\u0144 \u2013 Wynajem Zamk\u00f3w Dmuchanych i Dekoracji\"},\"image\":{\"@id\":\"https:\\\/\\\/krolestwomarzen.pl\\\/#\\\/schema\\\/logo\\\/image\\\/\"},\"sameAs\":[\"https:\\\/\\\/facebook.com\\\/61574220811373\",\"https:\\\/\\\/www.instagram.com\\\/krolestwo.marzen\",\"https:\\\/\\\/wedding.pl\\\/atrakcje-na-wesele\\\/krolestwo-marzen\"]}]}<\/script>\n<!-- \/ Yoast SEO plugin. -->","yoast_head_json":{"title":"Contact - Kr\u00f3lestwo Marze\u0144","description":"Kontakt 537-255-205 biuro@krolestwomarzen.pl Wype\u0142nij poni\u017cszy formularz, a skontaktujemy si\u0119 z Tob\u0105 jak najszybciej! Opinie Klient\u00f3w To dopiero pocz\u0105tek! \u2013 Sprawd\u017a wynajem zamk\u00f3w dmuchanych i dekoracji w Warszawie i okolicach!","robots":{"index":"index","follow":"follow","max-snippet":"max-snippet:-1","max-image-preview":"max-image-preview:large","max-video-preview":"max-video-preview:-1"},"canonical":"https:\/\/krolestwomarzen.pl\/en\/contact\/","og_locale":"en_GB","og_type":"article","og_title":"Contact - Kr\u00f3lestwo Marze\u0144","og_description":"Kontakt 537-255-205 biuro@krolestwomarzen.pl Wype\u0142nij poni\u017cszy formularz, a skontaktujemy si\u0119 z Tob\u0105 jak najszybciej! Opinie Klient\u00f3w To dopiero pocz\u0105tek! \u2013 Sprawd\u017a wynajem zamk\u00f3w dmuchanych i dekoracji w Warszawie i okolicach!","og_url":"https:\/\/krolestwomarzen.pl\/en\/contact\/","og_site_name":"Kr\u00f3lestwo Marze\u0144","article_publisher":"https:\/\/facebook.com\/61574220811373","article_modified_time":"2025-04-03T21:02:49+00:00","og_image":[{"url":"http:\/\/krolestwomarzen.pl\/wp-content\/uploads\/2025\/03\/63x63.jpg","type":"","width":"","height":""}],"twitter_card":"summary_large_image","schema":{"@context":"https:\/\/schema.org","@graph":[{"@type":"WebPage","@id":"https:\/\/krolestwomarzen.pl\/contact\/","url":"https:\/\/krolestwomarzen.pl\/contact\/","name":"Contact - Kr\u00f3lestwo Marze\u0144","isPartOf":{"@id":"https:\/\/krolestwomarzen.pl\/#website"},"primaryImageOfPage":{"@id":"https:\/\/krolestwomarzen.pl\/contact\/#primaryimage"},"image":{"@id":"https:\/\/krolestwomarzen.pl\/contact\/#primaryimage"},"thumbnailUrl":"http:\/\/krolestwomarzen.pl\/wp-content\/uploads\/2025\/03\/63x63.jpg","datePublished":"2025-03-12T15:02:10+00:00","dateModified":"2025-04-03T21:02:49+00:00","description":"Kontakt 537-255-205 biuro@krolestwomarzen.pl Wype\u0142nij poni\u017cszy formularz, a skontaktujemy si\u0119 z Tob\u0105 jak najszybciej! Opinie Klient\u00f3w To dopiero pocz\u0105tek! \u2013 Sprawd\u017a wynajem zamk\u00f3w dmuchanych i dekoracji w Warszawie i okolicach!","breadcrumb":{"@id":"https:\/\/krolestwomarzen.pl\/contact\/#breadcrumb"},"inLanguage":"en-GB","potentialAction":[{"@type":"ReadAction","target":["https:\/\/krolestwomarzen.pl\/contact\/"]}]},{"@type":"ImageObject","inLanguage":"en-GB","@id":"https:\/\/krolestwomarzen.pl\/contact\/#primaryimage","url":"http:\/\/krolestwomarzen.pl\/wp-content\/uploads\/2025\/03\/63x63.jpg","contentUrl":"http:\/\/krolestwomarzen.pl\/wp-content\/uploads\/2025\/03\/63x63.jpg"},{"@type":"BreadcrumbList","@id":"https:\/\/krolestwomarzen.pl\/contact\/#breadcrumb","itemListElement":[{"@type":"ListItem","position":1,"name":"Strona g\u0142\u00f3wna","item":"https:\/\/krolestwomarzen.pl\/"},{"@type":"ListItem","position":2,"name":"Contact"}]},{"@type":"WebSite","@id":"https:\/\/krolestwomarzen.pl\/#website","url":"https:\/\/krolestwomarzen.pl\/","name":"Kr\u00f3lestwo Marze\u0144 \u2013 Wynajem Zamk\u00f3w Dmuchanych i Dekoracji","description":"","publisher":{"@id":"https:\/\/krolestwomarzen.pl\/#organization"},"alternateName":"Kr\u00f3lestwo Marze\u0144","potentialAction":[{"@type":"SearchAction","target":{"@type":"EntryPoint","urlTemplate":"https:\/\/krolestwomarzen.pl\/?s={search_term_string}"},"query-input":{"@type":"PropertyValueSpecification","valueRequired":true,"valueName":"search_term_string"}}],"inLanguage":"en-GB"},{"@type":"Organization","@id":"https:\/\/krolestwomarzen.pl\/#organization","name":"Kr\u00f3lestwo Marze\u0144 \u2013 Wynajem Zamk\u00f3w Dmuchanych i Dekoracji","alternateName":"Kr\u00f3lestwo Marze\u0144","url":"https:\/\/krolestwomarzen.pl\/","logo":{"@type":"ImageObject","inLanguage":"en-GB","@id":"https:\/\/krolestwomarzen.pl\/#\/schema\/logo\/image\/","url":"https:\/\/krolestwomarzen.pl\/wp-content\/uploads\/2025\/03\/krlestwo-marzen-high-resolution-logo-3-e1747126329240.png","contentUrl":"https:\/\/krolestwomarzen.pl\/wp-content\/uploads\/2025\/03\/krlestwo-marzen-high-resolution-logo-3-e1747126329240.png","width":1000,"height":750,"caption":"Kr\u00f3lestwo Marze\u0144 \u2013 Wynajem Zamk\u00f3w Dmuchanych i Dekoracji"},"image":{"@id":"https:\/\/krolestwomarzen.pl\/#\/schema\/logo\/image\/"},"sameAs":["https:\/\/facebook.com\/61574220811373","https:\/\/www.instagram.com\/krolestwo.marzen","https:\/\/wedding.pl\/atrakcje-na-wesele\/krolestwo-marzen"]}]}},"jetpack_sharing_enabled":true,"_links":{"self":[{"href":"https:\/\/krolestwomarzen.pl\/en\/wp-json\/wp\/v2\/pages\/210","targetHints":{"allow":["GET"]}}],"collection":[{"href":"https:\/\/krolestwomarzen.pl\/en\/wp-json\/wp\/v2\/pages"}],"about":[{"href":"https:\/\/krolestwomarzen.pl\/en\/wp-json\/wp\/v2\/types\/page"}],"author":[{"embeddable":true,"href":"https:\/\/krolestwomarzen.pl\/en\/wp-json\/wp\/v2\/users\/1"}],"replies":[{"embeddable":true,"href":"https:\/\/krolestwomarzen.pl\/en\/wp-json\/wp\/v2\/comments?post=210"}],"version-history":[{"count":32,"href":"https:\/\/krolestwomarzen.pl\/en\/wp-json\/wp\/v2\/pages\/210\/revisions"}],"predecessor-version":[{"id":1004,"href":"https:\/\/krolestwomarzen.pl\/en\/wp-json\/wp\/v2\/pages\/210\/revisions\/1004"}],"wp:attachment":[{"href":"https:\/\/krolestwomarzen.pl\/en\/wp-json\/wp\/v2\/media?parent=210"}],"curies":[{"name":"wp","href":"https:\/\/api.w.org\/{rel}","templated":true}]}}