{"id":213,"date":"2025-03-12T15:02:10","date_gmt":"2025-03-12T15:02:10","guid":{"rendered":"https:\/\/krolestwomarzen.pl\/services\/"},"modified":"2025-04-21T12:35:28","modified_gmt":"2025-04-21T12:35:28","slug":"services","status":"publish","type":"page","link":"https:\/\/krolestwomarzen.pl\/en\/services\/","title":{"rendered":"Services"},"content":{"rendered":"<div data-elementor-type=\"wp-page\" data-elementor-id=\"213\" class=\"elementor elementor-213\" data-elementor-post-type=\"page\">\n\t\t\t\t<div class=\"elementor-element elementor-element-55c0db33 e-flex e-con-boxed e-con e-parent\" data-id=\"55c0db33\" data-element_type=\"container\" data-e-type=\"container\">\n\t\t\t\t\t<div class=\"e-con-inner\">\n\t\t\t\t<div class=\"elementor-element elementor-element-7d2949ff elementor-cta--layout-image-right elementor-cta--valign-middle elementor-cta--mobile-layout-image-above elementor-cta--skin-classic elementor-animated-content elementor-bg-transform elementor-bg-transform-zoom-in elementor-widget elementor-widget-call-to-action\" data-id=\"7d2949ff\" data-element_type=\"widget\" data-e-type=\"widget\" id=\"service_1\" data-widget_type=\"call-to-action.default\">\n\t\t\t\t<div class=\"elementor-widget-container\">\n\t\t\t\t\t\t\t<div class=\"elementor-cta\">\n\t\t\t\t\t<div class=\"elementor-cta__bg-wrapper\">\n\t\t\t\t<div class=\"elementor-cta__bg elementor-bg\" style=\"background-image: url(https:\/\/krolestwomarzen.pl\/wp-content\/uploads\/2025\/04\/Projekt-bez-nazwy-18.png);\" role=\"img\" aria-label=\"Bia\u0142y dmuchany zamek do wynaj\u0119cia na wesele w Bi\u0142goraju\"><\/div>\n\t\t\t\t<div class=\"elementor-cta__bg-overlay\"><\/div>\n\t\t\t<\/div>\n\t\t\t\t\t\t\t<div class=\"elementor-cta__content\">\n\t\t\t\t\n\t\t\t\t\t\t\t\t\t<h4 class=\"elementor-cta__title elementor-cta__content-item elementor-content-item\">\n\t\t\t\t\t\tDmucha\u0144ce - Zamki \t\t\t\t\t<\/h4>\n\t\t\t\t\n\t\t\t\t\t\t\t\t\t<div class=\"elementor-cta__description elementor-cta__content-item elementor-content-item\">\n\t\t\t\t\t\tStylowe i bezpieczne bia\u0142e zamki dmuchane \u2013 idealne na wesela, urodziny i sesje zdj\u0119ciowe. Minimalistyczny design, kt\u00f3ry dodaje magii ka\u017cdemu wydarzeniu.\n\t\t\t\t\t<\/div>\n\t\t\t\t\n\t\t\t\t\t\t\t\t\t<div class=\"elementor-cta__button-wrapper elementor-cta__content-item elementor-content-item\">\n\t\t\t\t\t<a class=\"elementor-cta__button elementor-button elementor-size-md\" href=\"https:\/\/krolestwomarzen.pl\/en\/zamki\/\">\n\t\t\t\t\t\tRezerwuj\t\t\t\t\t<\/a>\n\t\t\t\t\t<\/div>\n\t\t\t\t\t\t\t<\/div>\n\t\t\t\t\t\t<\/div>\n\t\t\t\t\t\t<\/div>\n\t\t\t\t<\/div>\n\t\t\t\t<div class=\"elementor-element elementor-element-196b38cb elementor-cta--layout-image-left elementor-cta--valign-middle elementor-cta--mobile-layout-image-above elementor-cta--skin-classic elementor-animated-content elementor-bg-transform elementor-bg-transform-zoom-in elementor-widget elementor-widget-call-to-action\" data-id=\"196b38cb\" data-element_type=\"widget\" data-e-type=\"widget\" id=\"service_2\" data-widget_type=\"call-to-action.default\">\n\t\t\t\t<div class=\"elementor-widget-container\">\n\t\t\t\t\t\t\t<div class=\"elementor-cta\">\n\t\t\t\t\t<div class=\"elementor-cta__bg-wrapper\">\n\t\t\t\t<div class=\"elementor-cta__bg elementor-bg\" style=\"background-image: url(https:\/\/krolestwomarzen.pl\/wp-content\/uploads\/2025\/04\/Projekt-bez-nazwy-11.png);\" role=\"img\" aria-label=\"Dmucha\u0144ce, bubble house Bi\u0142goraj i Zamo\u015b\u0107\"><\/div>\n\t\t\t\t<div class=\"elementor-cta__bg-overlay\"><\/div>\n\t\t\t<\/div>\n\t\t\t\t\t\t\t<div class=\"elementor-cta__content\">\n\t\t\t\t\n\t\t\t\t\t\t\t\t\t<h4 class=\"elementor-cta__title elementor-cta__content-item elementor-content-item\">\n\t\t\t\t\t\tBubble House\t\t\t\t\t<\/h4>\n\t\t\t\t\n\t\t\t\t\t\t\t\t\t<div class=\"elementor-cta__description elementor-cta__content-item elementor-content-item\">\n\t\t\t\t\t\tPrze\u017aroczysta ba\u0144ka z bia\u0142\u0105 podstaw\u0105 \u2013 nowoczesna atrakcja i zachwycaj\u0105ca dekoracja w jednym. Sprawdzi si\u0119 na imprezach plenerowych, sesjach i eventach.\t\t\t\t\t<\/div>\n\t\t\t\t\n\t\t\t\t\t\t\t\t\t<div class=\"elementor-cta__button-wrapper elementor-cta__content-item elementor-content-item\">\n\t\t\t\t\t<a class=\"elementor-cta__button elementor-button elementor-size-md\" href=\"https:\/\/krolestwomarzen.pl\/en\/bubble-house\/\">\n\t\t\t\t\t\tRezerwuj\t\t\t\t\t<\/a>\n\t\t\t\t\t<\/div>\n\t\t\t\t\t\t\t<\/div>\n\t\t\t\t\t\t<\/div>\n\t\t\t\t\t\t<\/div>\n\t\t\t\t<\/div>\n\t\t\t\t\t<\/div>\n\t\t\t\t<\/div>\n\t\t<div class=\"elementor-element elementor-element-48f1ef7 e-flex e-con-boxed e-con e-parent\" data-id=\"48f1ef7\" data-element_type=\"container\" data-e-type=\"container\">\n\t\t\t\t\t<div class=\"e-con-inner\">\n\t\t\t\t<div class=\"elementor-element elementor-element-6fac218 elementor-cta--layout-image-right elementor-cta--valign-middle elementor-cta--mobile-layout-image-above elementor-cta--skin-classic elementor-animated-content elementor-bg-transform elementor-bg-transform-zoom-in elementor-widget elementor-widget-call-to-action\" data-id=\"6fac218\" data-element_type=\"widget\" data-e-type=\"widget\" data-widget_type=\"call-to-action.default\">\n\t\t\t\t<div class=\"elementor-widget-container\">\n\t\t\t\t\t\t\t<div class=\"elementor-cta\">\n\t\t\t\t\t<div class=\"elementor-cta__bg-wrapper\">\n\t\t\t\t<div class=\"elementor-cta__bg elementor-bg\" style=\"background-image: url(https:\/\/krolestwomarzen.pl\/wp-content\/uploads\/2025\/04\/4.jpg);\" role=\"img\" aria-label=\"Ksi\u0119ga go\u015bci na wesele\"><\/div>\n\t\t\t\t<div class=\"elementor-cta__bg-overlay\"><\/div>\n\t\t\t<\/div>\n\t\t\t\t\t\t\t<div class=\"elementor-cta__content\">\n\t\t\t\t\n\t\t\t\t\t\t\t\t\t<h4 class=\"elementor-cta__title elementor-cta__content-item elementor-content-item\">\n\t\t\t\t\t\tBudki Telefoniczne\t\t\t\t\t<\/h4>\n\t\t\t\t\n\t\t\t\t\t\t\t\t\t<div class=\"elementor-cta__description elementor-cta__content-item elementor-content-item\">\n\t\t\t\t\t\tOryginalne budki telefoniczne z dopasowan\u0105 \u0142awk\u0105 \u2013 idealne t\u0142o do zdj\u0119\u0107 i miejsce do odpoczynku. Stylowy akcent z nut\u0105 nostalgii.\t\t\t\t\t<\/div>\n\t\t\t\t\n\t\t\t\t\t\t\t\t\t<div class=\"elementor-cta__button-wrapper elementor-cta__content-item elementor-content-item\">\n\t\t\t\t\t<a class=\"elementor-cta__button elementor-button elementor-size-md\" href=\"https:\/\/krolestwomarzen.pl\/en\/bubble-houses\/\">\n\t\t\t\t\t\tRezerwuj\t\t\t\t\t<\/a>\n\t\t\t\t\t<\/div>\n\t\t\t\t\t\t\t<\/div>\n\t\t\t\t\t\t<\/div>\n\t\t\t\t\t\t<\/div>\n\t\t\t\t<\/div>\n\t\t\t\t<div class=\"elementor-element elementor-element-107a486 elementor-cta--layout-image-left elementor-cta--valign-middle elementor-cta--mobile-layout-image-above elementor-cta--skin-classic elementor-animated-content elementor-bg-transform elementor-bg-transform-zoom-in elementor-widget elementor-widget-call-to-action\" data-id=\"107a486\" data-element_type=\"widget\" data-e-type=\"widget\" data-widget_type=\"call-to-action.default\">\n\t\t\t\t<div class=\"elementor-widget-container\">\n\t\t\t\t\t\t\t<div class=\"elementor-cta\">\n\t\t\t\t\t<div class=\"elementor-cta__bg-wrapper\">\n\t\t\t\t<div class=\"elementor-cta__bg elementor-bg\" style=\"background-image: url(https:\/\/krolestwomarzen.pl\/wp-content\/uploads\/2025\/04\/Projekt-bez-nazwy-5.jpg);\" role=\"img\" aria-label=\"Elegancka \u015bcianka do zdj\u0119\u0107 \u2013 wynajem dekoracji Bi\u0142goraj\"><\/div>\n\t\t\t\t<div class=\"elementor-cta__bg-overlay\"><\/div>\n\t\t\t<\/div>\n\t\t\t\t\t\t\t<div class=\"elementor-cta__content\">\n\t\t\t\t\n\t\t\t\t\t\t\t\t\t<h4 class=\"elementor-cta__title elementor-cta__content-item elementor-content-item\">\n\t\t\t\t\t\tInne Dekoracje\t\t\t\t\t<\/h4>\n\t\t\t\t\n\t\t\t\t\t\t\t\t\t<div class=\"elementor-cta__description elementor-cta__content-item elementor-content-item\">\n\t\t\t\t\t\tUnikatowe dodatki, kt\u00f3re robi\u0105 wra\u017cenie: \u015bcianki i skrzyd\u0142a z pi\u00f3r, maszyna do baniek, balony i pod\u0142oga lustrzana oraz \u015bcianka na prosecco \u2013 wszystko, by stworzy\u0107 wyj\u0105tkowy klimat.\n\t\t\t\t\t<\/div>\n\t\t\t\t\n\t\t\t\t\t\t\t\t\t<div class=\"elementor-cta__button-wrapper elementor-cta__content-item elementor-content-item\">\n\t\t\t\t\t<a class=\"elementor-cta__button elementor-button elementor-size-md\" href=\"https:\/\/krolestwomarzen.pl\/en\/inne-dekoracje\/\">\n\t\t\t\t\t\tRezerwuj\t\t\t\t\t<\/a>\n\t\t\t\t\t<\/div>\n\t\t\t\t\t\t\t<\/div>\n\t\t\t\t\t\t<\/div>\n\t\t\t\t\t\t<\/div>\n\t\t\t\t<\/div>\n\t\t\t\t\t<\/div>\n\t\t\t\t<\/div>\n\t\t<div class=\"elementor-element elementor-element-a44cd38 e-flex e-con-boxed e-con e-parent\" data-id=\"a44cd38\" data-element_type=\"container\" data-e-type=\"container\">\n\t\t\t\t\t<div class=\"e-con-inner\">\n\t\t\t\t\t<\/div>\n\t\t\t\t<\/div>\n\t\t\t\t<\/div>","protected":false},"excerpt":{"rendered":"<p>Dmucha\u0144ce &#8211; Zamki Stylowe i bezpieczne bia\u0142e zamki dmuchane \u2013 idealne na wesela, urodziny i sesje zdj\u0119ciowe. Minimalistyczny design, kt\u00f3ry dodaje magii ka\u017cdemu wydarzeniu. Rezerwuj Bubble House Prze\u017aroczysta ba\u0144ka z bia\u0142\u0105 podstaw\u0105 \u2013 nowoczesna atrakcja i zachwycaj\u0105ca dekoracja w jednym. Sprawdzi si\u0119 na imprezach plenerowych, sesjach i eventach. Rezerwuj Budki Telefoniczne Oryginalne budki telefoniczne z [&hellip;]<\/p>","protected":false},"author":1,"featured_media":0,"parent":0,"menu_order":0,"comment_status":"closed","ping_status":"closed","template":"elementor_header_footer","meta":{"footnotes":""},"class_list":["post-213","page","type-page","status-publish","hentry"],"yoast_head":"<!-- This site is optimized with the Yoast SEO plugin v27.3 - https:\/\/yoast.com\/product\/yoast-seo-wordpress\/ -->\n<title>Services - Kr\u00f3lestwo Marze\u0144<\/title>\n<meta name=\"description\" content=\"Dmucha\u0144ce - Zamki Stylowe i bezpieczne bia\u0142e zamki dmuchane \u2013 idealne na wesela, urodziny i sesje zdj\u0119ciowe. Minimalistyczny design, kt\u00f3ry dodaje magii \u2013 Sprawd\u017a wynajem zamk\u00f3w dmuchanych i dekoracji w Warszawie i okolicach!\" \/>\n<meta name=\"robots\" content=\"index, follow, max-snippet:-1, max-image-preview:large, max-video-preview:-1\" \/>\n<link rel=\"canonical\" href=\"https:\/\/krolestwomarzen.pl\/en\/services\/\" \/>\n<meta property=\"og:locale\" content=\"en_GB\" \/>\n<meta property=\"og:type\" content=\"article\" \/>\n<meta property=\"og:title\" content=\"Services - Kr\u00f3lestwo Marze\u0144\" \/>\n<meta property=\"og:description\" content=\"Dmucha\u0144ce - Zamki Stylowe i bezpieczne bia\u0142e zamki dmuchane \u2013 idealne na wesela, urodziny i sesje zdj\u0119ciowe. Minimalistyczny design, kt\u00f3ry dodaje magii \u2013 Sprawd\u017a wynajem zamk\u00f3w dmuchanych i dekoracji w Warszawie i okolicach!\" \/>\n<meta property=\"og:url\" content=\"https:\/\/krolestwomarzen.pl\/en\/services\/\" \/>\n<meta property=\"og:site_name\" content=\"Kr\u00f3lestwo Marze\u0144\" \/>\n<meta property=\"article:publisher\" content=\"https:\/\/facebook.com\/61574220811373\" \/>\n<meta property=\"article:modified_time\" content=\"2025-04-21T12:35:28+00:00\" \/>\n<meta property=\"og:image\" content=\"https:\/\/krolestwomarzen.pl\/wp-content\/uploads\/2025\/03\/krlestwo-marzen-high-resolution-logo-3-e1747126329240.png\" \/>\n\t<meta property=\"og:image:width\" content=\"1000\" \/>\n\t<meta property=\"og:image:height\" content=\"750\" \/>\n\t<meta property=\"og:image:type\" content=\"image\/png\" \/>\n<meta name=\"twitter:card\" content=\"summary_large_image\" \/>\n<meta name=\"twitter:label1\" content=\"Estimated reading time\" \/>\n\t<meta name=\"twitter:data1\" content=\"1 minute\" \/>\n<script type=\"application\/ld+json\" class=\"yoast-schema-graph\">{\"@context\":\"https:\\\/\\\/schema.org\",\"@graph\":[{\"@type\":\"WebPage\",\"@id\":\"https:\\\/\\\/krolestwomarzen.pl\\\/services\\\/\",\"url\":\"https:\\\/\\\/krolestwomarzen.pl\\\/services\\\/\",\"name\":\"Services - Kr\u00f3lestwo Marze\u0144\",\"isPartOf\":{\"@id\":\"https:\\\/\\\/krolestwomarzen.pl\\\/#website\"},\"datePublished\":\"2025-03-12T15:02:10+00:00\",\"dateModified\":\"2025-04-21T12:35:28+00:00\",\"description\":\"Dmucha\u0144ce - Zamki Stylowe i bezpieczne bia\u0142e zamki dmuchane \u2013 idealne na wesela, urodziny i sesje zdj\u0119ciowe. Minimalistyczny design, kt\u00f3ry dodaje magii \u2013 Sprawd\u017a wynajem zamk\u00f3w dmuchanych i dekoracji w Warszawie i okolicach!\",\"breadcrumb\":{\"@id\":\"https:\\\/\\\/krolestwomarzen.pl\\\/services\\\/#breadcrumb\"},\"inLanguage\":\"en-GB\",\"potentialAction\":[{\"@type\":\"ReadAction\",\"target\":[\"https:\\\/\\\/krolestwomarzen.pl\\\/services\\\/\"]}]},{\"@type\":\"BreadcrumbList\",\"@id\":\"https:\\\/\\\/krolestwomarzen.pl\\\/services\\\/#breadcrumb\",\"itemListElement\":[{\"@type\":\"ListItem\",\"position\":1,\"name\":\"Strona g\u0142\u00f3wna\",\"item\":\"https:\\\/\\\/krolestwomarzen.pl\\\/\"},{\"@type\":\"ListItem\",\"position\":2,\"name\":\"Services\"}]},{\"@type\":\"WebSite\",\"@id\":\"https:\\\/\\\/krolestwomarzen.pl\\\/#website\",\"url\":\"https:\\\/\\\/krolestwomarzen.pl\\\/\",\"name\":\"Kr\u00f3lestwo Marze\u0144 \u2013 Wynajem Zamk\u00f3w Dmuchanych i Dekoracji\",\"description\":\"\",\"publisher\":{\"@id\":\"https:\\\/\\\/krolestwomarzen.pl\\\/#organization\"},\"alternateName\":\"Kr\u00f3lestwo Marze\u0144\",\"potentialAction\":[{\"@type\":\"SearchAction\",\"target\":{\"@type\":\"EntryPoint\",\"urlTemplate\":\"https:\\\/\\\/krolestwomarzen.pl\\\/?s={search_term_string}\"},\"query-input\":{\"@type\":\"PropertyValueSpecification\",\"valueRequired\":true,\"valueName\":\"search_term_string\"}}],\"inLanguage\":\"en-GB\"},{\"@type\":\"Organization\",\"@id\":\"https:\\\/\\\/krolestwomarzen.pl\\\/#organization\",\"name\":\"Kr\u00f3lestwo Marze\u0144 \u2013 Wynajem Zamk\u00f3w Dmuchanych i Dekoracji\",\"alternateName\":\"Kr\u00f3lestwo Marze\u0144\",\"url\":\"https:\\\/\\\/krolestwomarzen.pl\\\/\",\"logo\":{\"@type\":\"ImageObject\",\"inLanguage\":\"en-GB\",\"@id\":\"https:\\\/\\\/krolestwomarzen.pl\\\/#\\\/schema\\\/logo\\\/image\\\/\",\"url\":\"https:\\\/\\\/krolestwomarzen.pl\\\/wp-content\\\/uploads\\\/2025\\\/03\\\/krlestwo-marzen-high-resolution-logo-3-e1747126329240.png\",\"contentUrl\":\"https:\\\/\\\/krolestwomarzen.pl\\\/wp-content\\\/uploads\\\/2025\\\/03\\\/krlestwo-marzen-high-resolution-logo-3-e1747126329240.png\",\"width\":1000,\"height\":750,\"caption\":\"Kr\u00f3lestwo Marze\u0144 \u2013 Wynajem Zamk\u00f3w Dmuchanych i Dekoracji\"},\"image\":{\"@id\":\"https:\\\/\\\/krolestwomarzen.pl\\\/#\\\/schema\\\/logo\\\/image\\\/\"},\"sameAs\":[\"https:\\\/\\\/facebook.com\\\/61574220811373\",\"https:\\\/\\\/www.instagram.com\\\/krolestwo.marzen\",\"https:\\\/\\\/wedding.pl\\\/atrakcje-na-wesele\\\/krolestwo-marzen\"]}]}<\/script>\n<!-- \/ Yoast SEO plugin. -->","yoast_head_json":{"title":"Services - Kr\u00f3lestwo Marze\u0144","description":"Dmucha\u0144ce - Zamki Stylowe i bezpieczne bia\u0142e zamki dmuchane \u2013 idealne na wesela, urodziny i sesje zdj\u0119ciowe. Minimalistyczny design, kt\u00f3ry dodaje magii \u2013 Sprawd\u017a wynajem zamk\u00f3w dmuchanych i dekoracji w Warszawie i okolicach!","robots":{"index":"index","follow":"follow","max-snippet":"max-snippet:-1","max-image-preview":"max-image-preview:large","max-video-preview":"max-video-preview:-1"},"canonical":"https:\/\/krolestwomarzen.pl\/en\/services\/","og_locale":"en_GB","og_type":"article","og_title":"Services - Kr\u00f3lestwo Marze\u0144","og_description":"Dmucha\u0144ce - Zamki Stylowe i bezpieczne bia\u0142e zamki dmuchane \u2013 idealne na wesela, urodziny i sesje zdj\u0119ciowe. Minimalistyczny design, kt\u00f3ry dodaje magii \u2013 Sprawd\u017a wynajem zamk\u00f3w dmuchanych i dekoracji w Warszawie i okolicach!","og_url":"https:\/\/krolestwomarzen.pl\/en\/services\/","og_site_name":"Kr\u00f3lestwo Marze\u0144","article_publisher":"https:\/\/facebook.com\/61574220811373","article_modified_time":"2025-04-21T12:35:28+00:00","og_image":[{"width":1000,"height":750,"url":"https:\/\/krolestwomarzen.pl\/wp-content\/uploads\/2025\/03\/krlestwo-marzen-high-resolution-logo-3-e1747126329240.png","type":"image\/png"}],"twitter_card":"summary_large_image","twitter_misc":{"Estimated reading time":"1 minute"},"schema":{"@context":"https:\/\/schema.org","@graph":[{"@type":"WebPage","@id":"https:\/\/krolestwomarzen.pl\/services\/","url":"https:\/\/krolestwomarzen.pl\/services\/","name":"Services - Kr\u00f3lestwo Marze\u0144","isPartOf":{"@id":"https:\/\/krolestwomarzen.pl\/#website"},"datePublished":"2025-03-12T15:02:10+00:00","dateModified":"2025-04-21T12:35:28+00:00","description":"Dmucha\u0144ce - Zamki Stylowe i bezpieczne bia\u0142e zamki dmuchane \u2013 idealne na wesela, urodziny i sesje zdj\u0119ciowe. Minimalistyczny design, kt\u00f3ry dodaje magii \u2013 Sprawd\u017a wynajem zamk\u00f3w dmuchanych i dekoracji w Warszawie i okolicach!","breadcrumb":{"@id":"https:\/\/krolestwomarzen.pl\/services\/#breadcrumb"},"inLanguage":"en-GB","potentialAction":[{"@type":"ReadAction","target":["https:\/\/krolestwomarzen.pl\/services\/"]}]},{"@type":"BreadcrumbList","@id":"https:\/\/krolestwomarzen.pl\/services\/#breadcrumb","itemListElement":[{"@type":"ListItem","position":1,"name":"Strona g\u0142\u00f3wna","item":"https:\/\/krolestwomarzen.pl\/"},{"@type":"ListItem","position":2,"name":"Services"}]},{"@type":"WebSite","@id":"https:\/\/krolestwomarzen.pl\/#website","url":"https:\/\/krolestwomarzen.pl\/","name":"Kr\u00f3lestwo Marze\u0144 \u2013 Wynajem Zamk\u00f3w Dmuchanych i Dekoracji","description":"","publisher":{"@id":"https:\/\/krolestwomarzen.pl\/#organization"},"alternateName":"Kr\u00f3lestwo Marze\u0144","potentialAction":[{"@type":"SearchAction","target":{"@type":"EntryPoint","urlTemplate":"https:\/\/krolestwomarzen.pl\/?s={search_term_string}"},"query-input":{"@type":"PropertyValueSpecification","valueRequired":true,"valueName":"search_term_string"}}],"inLanguage":"en-GB"},{"@type":"Organization","@id":"https:\/\/krolestwomarzen.pl\/#organization","name":"Kr\u00f3lestwo Marze\u0144 \u2013 Wynajem Zamk\u00f3w Dmuchanych i Dekoracji","alternateName":"Kr\u00f3lestwo Marze\u0144","url":"https:\/\/krolestwomarzen.pl\/","logo":{"@type":"ImageObject","inLanguage":"en-GB","@id":"https:\/\/krolestwomarzen.pl\/#\/schema\/logo\/image\/","url":"https:\/\/krolestwomarzen.pl\/wp-content\/uploads\/2025\/03\/krlestwo-marzen-high-resolution-logo-3-e1747126329240.png","contentUrl":"https:\/\/krolestwomarzen.pl\/wp-content\/uploads\/2025\/03\/krlestwo-marzen-high-resolution-logo-3-e1747126329240.png","width":1000,"height":750,"caption":"Kr\u00f3lestwo Marze\u0144 \u2013 Wynajem Zamk\u00f3w Dmuchanych i Dekoracji"},"image":{"@id":"https:\/\/krolestwomarzen.pl\/#\/schema\/logo\/image\/"},"sameAs":["https:\/\/facebook.com\/61574220811373","https:\/\/www.instagram.com\/krolestwo.marzen","https:\/\/wedding.pl\/atrakcje-na-wesele\/krolestwo-marzen"]}]}},"jetpack_sharing_enabled":true,"_links":{"self":[{"href":"https:\/\/krolestwomarzen.pl\/en\/wp-json\/wp\/v2\/pages\/213","targetHints":{"allow":["GET"]}}],"collection":[{"href":"https:\/\/krolestwomarzen.pl\/en\/wp-json\/wp\/v2\/pages"}],"about":[{"href":"https:\/\/krolestwomarzen.pl\/en\/wp-json\/wp\/v2\/types\/page"}],"author":[{"embeddable":true,"href":"https:\/\/krolestwomarzen.pl\/en\/wp-json\/wp\/v2\/users\/1"}],"replies":[{"embeddable":true,"href":"https:\/\/krolestwomarzen.pl\/en\/wp-json\/wp\/v2\/comments?post=213"}],"version-history":[{"count":70,"href":"https:\/\/krolestwomarzen.pl\/en\/wp-json\/wp\/v2\/pages\/213\/revisions"}],"predecessor-version":[{"id":903,"href":"https:\/\/krolestwomarzen.pl\/en\/wp-json\/wp\/v2\/pages\/213\/revisions\/903"}],"wp:attachment":[{"href":"https:\/\/krolestwomarzen.pl\/en\/wp-json\/wp\/v2\/media?parent=213"}],"curies":[{"name":"wp","href":"https:\/\/api.w.org\/{rel}","templated":true}]}}