{"id":664,"date":"2025-04-03T19:25:10","date_gmt":"2025-04-03T19:25:10","guid":{"rendered":"https:\/\/krolestwomarzen.pl\/?page_id=664"},"modified":"2025-04-03T19:25:32","modified_gmt":"2025-04-03T19:25:32","slug":"swiece-sojowe","status":"publish","type":"page","link":"https:\/\/krolestwomarzen.pl\/en\/swiece-sojowe\/","title":{"rendered":"\u015awiece Sojowe"},"content":{"rendered":"<div data-elementor-type=\"wp-page\" data-elementor-id=\"664\" class=\"elementor elementor-664\" data-elementor-post-type=\"page\">\n\t\t\t\t<div class=\"elementor-element elementor-element-fd8ea45 e-flex e-con-boxed e-con e-parent\" data-id=\"fd8ea45\" data-element_type=\"container\" data-e-type=\"container\">\n\t\t\t\t\t<div class=\"e-con-inner\">\n\t\t<div class=\"elementor-element elementor-element-ed33b1b e-con-full e-flex e-con e-child\" data-id=\"ed33b1b\" data-element_type=\"container\" data-e-type=\"container\">\n\t\t<div class=\"elementor-element elementor-element-4ac09ab e-con-full e-flex e-con e-child\" data-id=\"4ac09ab\" data-element_type=\"container\" data-e-type=\"container\">\n\t\t\t\t<div class=\"elementor-element elementor-element-09e75f5 elementor-widget elementor-widget-image\" data-id=\"09e75f5\" data-element_type=\"widget\" data-e-type=\"widget\" data-widget_type=\"image.default\">\n\t\t\t\t<div class=\"elementor-widget-container\">\n\t\t\t\t\t\t\t\t\t\t\t\t\t\t\t<img fetchpriority=\"high\" decoding=\"async\" width=\"800\" height=\"1000\" src=\"https:\/\/krolestwomarzen.pl\/wp-content\/uploads\/2025\/03\/2-819x1024.jpg\" class=\"attachment-large size-large wp-image-303\" alt=\"Atrakcje weselne dla dzieci \u2013 lubelskie\" srcset=\"https:\/\/krolestwomarzen.pl\/wp-content\/uploads\/2025\/03\/2-819x1024.jpg 819w, https:\/\/krolestwomarzen.pl\/wp-content\/uploads\/2025\/03\/2-240x300.jpg 240w, https:\/\/krolestwomarzen.pl\/wp-content\/uploads\/2025\/03\/2-768x960.jpg 768w, https:\/\/krolestwomarzen.pl\/wp-content\/uploads\/2025\/03\/2-1229x1536.jpg 1229w, https:\/\/krolestwomarzen.pl\/wp-content\/uploads\/2025\/03\/2-1638x2048.jpg 1638w, https:\/\/krolestwomarzen.pl\/wp-content\/uploads\/2025\/03\/2-600x750.jpg 600w, https:\/\/krolestwomarzen.pl\/wp-content\/uploads\/2025\/03\/2-scaled.jpg 2048w\" sizes=\"(max-width: 800px) 100vw, 800px\" \/>\t\t\t\t\t\t\t\t\t\t\t\t\t\t\t<\/div>\n\t\t\t\t<\/div>\n\t\t\t\t<div class=\"elementor-element elementor-element-e153314 elementor-widget elementor-widget-price-table\" data-id=\"e153314\" data-element_type=\"widget\" data-e-type=\"widget\" data-widget_type=\"price-table.default\">\n\t\t\t\t<div class=\"elementor-widget-container\">\n\t\t\t\t\t\n\t\t<div class=\"elementor-price-table\">\n\t\t\t\t\t\t\t<div class=\"elementor-price-table__header\">\n\t\t\t\t\t\t\t\t\t\t\t<h3 class=\"elementor-price-table__heading\">\n\t\t\t\t\t\tBia\u0142y Zamek ze zje\u017cd\u017calni\u0105\t\t\t\t\t\t<\/h3>\n\t\t\t\t\t\n\t\t\t\t\t\t\t\t\t\t\t<span class=\"elementor-price-table__subheading\">\n\t\t\t\t\t\t\t4mx4mx4m\t\t\t\t\t\t<\/span>\n\t\t\t\t\t\t\t\t\t<\/div>\n\t\t\t\n\t\t\t<div class=\"elementor-price-table__price\">\n\t\t\t\t\t\t\t\t<span class=\"elementor-price-table__currency\">PLN<\/span>\t\t\t\t\t\t\t\t\t<span class=\"elementor-price-table__integer-part\">\n\t\t\t\t\t\t1200\t\t\t\t\t<\/span>\n\t\t\t\t\n\t\t\t\t\n\t\t\t\t\n\t\t\t\t\t\t\t\t\t<span class=\"elementor-price-table__period elementor-typo-excluded\">Miesi\u0119cznie<\/span>\t\t\t\t\t\t\t<\/div>\n\n\t\t\t\t\t\t\t<ul class=\"elementor-price-table__features-list\">\n\t\t\t\t\t\t\t\t\t\t\t<li class=\"elementor-repeater-item-edb3d79\">\n\t\t\t\t\t\t\t<div class=\"elementor-price-table__feature-inner\">\n\t\t\t\t\t\t\t\t<svg aria-hidden=\"true\" class=\"e-font-icon-svg e-far-check-circle\" viewbox=\"0 0 512 512\" xmlns=\"http:\/\/www.w3.org\/2000\/svg\"><path d=\"M256 8C119.033 8 8 119.033 8 256s111.033 248 248 248 248-111.033 248-248S392.967 8 256 8zm0 48c110.532 0 200 89.451 200 200 0 110.532-89.451 200-200 200-110.532 0-200-89.451-200-200 0-110.532 89.451-200 200-200m140.204 130.267l-22.536-22.718c-4.667-4.705-12.265-4.736-16.97-.068L215.346 303.697l-59.792-60.277c-4.667-4.705-12.265-4.736-16.97-.069l-22.719 22.536c-4.705 4.667-4.736 12.265-.068 16.971l90.781 91.516c4.667 4.705 12.265 4.736 16.97.068l172.589-171.204c4.704-4.668 4.734-12.266.067-16.971z\"><\/path><\/svg>\t\t\t\t\t\t\t\t\t\t\t\t\t\t\t\t\t<span >\n\t\t\t\t\t\t\t\t\t\tElement Listy #1\t\t\t\t\t\t\t\t\t<\/span>\n\t\t\t\t\t\t\t\t\t\t\t\t\t\t\t\t<\/div>\n\t\t\t\t\t\t<\/li>\n\t\t\t\t\t\t\t\t\t\t\t<li class=\"elementor-repeater-item-bb4b950\">\n\t\t\t\t\t\t\t<div class=\"elementor-price-table__feature-inner\">\n\t\t\t\t\t\t\t\t<svg aria-hidden=\"true\" class=\"e-font-icon-svg e-far-check-circle\" viewbox=\"0 0 512 512\" xmlns=\"http:\/\/www.w3.org\/2000\/svg\"><path d=\"M256 8C119.033 8 8 119.033 8 256s111.033 248 248 248 248-111.033 248-248S392.967 8 256 8zm0 48c110.532 0 200 89.451 200 200 0 110.532-89.451 200-200 200-110.532 0-200-89.451-200-200 0-110.532 89.451-200 200-200m140.204 130.267l-22.536-22.718c-4.667-4.705-12.265-4.736-16.97-.068L215.346 303.697l-59.792-60.277c-4.667-4.705-12.265-4.736-16.97-.069l-22.719 22.536c-4.705 4.667-4.736 12.265-.068 16.971l90.781 91.516c4.667 4.705 12.265 4.736 16.97.068l172.589-171.204c4.704-4.668 4.734-12.266.067-16.971z\"><\/path><\/svg>\t\t\t\t\t\t\t\t\t\t\t\t\t\t\t\t\t<span >\n\t\t\t\t\t\t\t\t\t\tElement Listy #2\t\t\t\t\t\t\t\t\t<\/span>\n\t\t\t\t\t\t\t\t\t\t\t\t\t\t\t\t<\/div>\n\t\t\t\t\t\t<\/li>\n\t\t\t\t\t\t\t\t\t\t\t<li class=\"elementor-repeater-item-d5940b0\">\n\t\t\t\t\t\t\t<div class=\"elementor-price-table__feature-inner\">\n\t\t\t\t\t\t\t\t<svg aria-hidden=\"true\" class=\"e-font-icon-svg e-far-check-circle\" viewbox=\"0 0 512 512\" xmlns=\"http:\/\/www.w3.org\/2000\/svg\"><path d=\"M256 8C119.033 8 8 119.033 8 256s111.033 248 248 248 248-111.033 248-248S392.967 8 256 8zm0 48c110.532 0 200 89.451 200 200 0 110.532-89.451 200-200 200-110.532 0-200-89.451-200-200 0-110.532 89.451-200 200-200m140.204 130.267l-22.536-22.718c-4.667-4.705-12.265-4.736-16.97-.068L215.346 303.697l-59.792-60.277c-4.667-4.705-12.265-4.736-16.97-.069l-22.719 22.536c-4.705 4.667-4.736 12.265-.068 16.971l90.781 91.516c4.667 4.705 12.265 4.736 16.97.068l172.589-171.204c4.704-4.668 4.734-12.266.067-16.971z\"><\/path><\/svg>\t\t\t\t\t\t\t\t\t\t\t\t\t\t\t\t\t<span >\n\t\t\t\t\t\t\t\t\t\tElement Listy #3\t\t\t\t\t\t\t\t\t<\/span>\n\t\t\t\t\t\t\t\t\t\t\t\t\t\t\t\t<\/div>\n\t\t\t\t\t\t<\/li>\n\t\t\t\t\t\t\t\t\t<\/ul>\n\t\t\t\n\t\t\t\t\t\t\t<div class=\"elementor-price-table__footer\">\n\t\t\t\t\t\t\t\t\t\t\t<a class=\"elementor-price-table__button elementor-button elementor-size-md\" href=\"#\">\n\t\t\t\t\t\t\tRezerwuj\t\t\t\t\t\t<\/a>\n\t\t\t\t\t\n\t\t\t\t\t\t\t\t\t\t\t<div class=\"elementor-price-table__additional_info\">\n\t\t\t\t\t\t\tTo jest element tekstowy\t\t\t\t\t\t<\/div>\n\t\t\t\t\t\t\t\t\t<\/div>\n\t\t\t\t\t<\/div>\n\n\t\t\t\t\t\t<\/div>\n\t\t\t\t<\/div>\n\t\t\t\t<\/div>\n\t\t\t\t<\/div>\n\t\t<div class=\"elementor-element elementor-element-d58f507 e-con-full e-flex e-con e-child\" data-id=\"d58f507\" data-element_type=\"container\" data-e-type=\"container\">\n\t\t<div class=\"elementor-element elementor-element-a71f572 e-con-full e-flex e-con e-child\" data-id=\"a71f572\" data-element_type=\"container\" data-e-type=\"container\" data-settings=\"{&quot;shape_divider_top&quot;:&quot;clouds&quot;}\">\n\t\t\t\t<div class=\"elementor-shape elementor-shape-top\" aria-hidden=\"true\" data-negative=\"false\">\n\t\t\t<svg xmlns=\"http:\/\/www.w3.org\/2000\/svg\" viewbox=\"0 0 283.5 27.8\" preserveaspectratio=\"xMidYMax slice\">\n  <path class=\"elementor-shape-fill\" d=\"M0 0v6.7c1.9-.8 4.7-1.4 8.5-1 9.5 1.1 11.1 6 11.1 6s2.1-.7 4.3-.2c2.1.5 2.8 2.6 2.8 2.6s.2-.5 1.4-.7c1.2-.2 1.7.2 1.7.2s0-2.1 1.9-2.8c1.9-.7 3.6.7 3.6.7s.7-2.9 3.1-4.1 4.7 0 4.7 0 1.2-.5 2.4 0 1.7 1.4 1.7 1.4h1.4c.7 0 1.2.7 1.2.7s.8-1.8 4-2.2c3.5-.4 5.3 2.4 6.2 4.4.4-.4 1-.7 1.8-.9 2.8-.7 4 .7 4 .7s1.7-5 11.1-6c9.5-1.1 12.3 3.9 12.3 3.9s1.2-4.8 5.7-5.7c4.5-.9 6.8 1.8 6.8 1.8s.6-.6 1.5-.9c.9-.2 1.9-.2 1.9-.2s5.2-6.4 12.6-3.3c7.3 3.1 4.7 9 4.7 9s1.9-.9 4 0 2.8 2.4 2.8 2.4 1.9-1.2 4.5-1.2 4.3 1.2 4.3 1.2.2-1 1.4-1.7 2.1-.7 2.1-.7-.5-3.1 2.1-5.5 5.7-1.4 5.7-1.4 1.5-2.3 4.2-1.1c2.7 1.2 1.7 5.2 1.7 5.2s.3-.1 1.3.5c.5.4.8.8.9 1.1.5-1.4 2.4-5.8 8.4-4 7.1 2.1 3.5 8.9 3.5 8.9s.8-.4 2 0 1.1 1.1 1.1 1.1 1.1-1.1 2.3-1.1 2.1.5 2.1.5 1.9-3.6 6.2-1.2 1.9 6.4 1.9 6.4 2.6-2.4 7.4 0c3.4 1.7 3.9 4.9 3.9 4.9s3.3-6.9 10.4-7.9 11.5 2.6 11.5 2.6.8 0 1.2.2c.4.2.9.9.9.9s4.4-3.1 8.3.2c1.9 1.7 1.5 5 1.5 5s.3-1.1 1.6-1.4c1.3-.3 2.3.2 2.3.2s-.1-1.2.5-1.9 1.9-.9 1.9-.9-4.7-9.3 4.4-13.4c5.6-2.5 9.2.9 9.2.9s5-6.2 15.9-6.2 16.1 8.1 16.1 8.1.7-.2 1.6-.4V0H0z\"\/>\n<\/svg>\n\t\t<\/div>\n\t\t\t\t<div class=\"elementor-element elementor-element-baa87d9 elementor-widget elementor-widget-image\" data-id=\"baa87d9\" data-element_type=\"widget\" data-e-type=\"widget\" data-widget_type=\"image.default\">\n\t\t\t\t<div class=\"elementor-widget-container\">\n\t\t\t\t\t\t\t\t\t\t\t\t\t\t\t<img decoding=\"async\" src=\"https:\/\/krolestwomarzen.pl\/wp-content\/uploads\/2025\/03\/1-scaled.jpg\" title=\"\" alt=\"\" loading=\"lazy\" \/>\t\t\t\t\t\t\t\t\t\t\t\t\t\t\t<\/div>\n\t\t\t\t<\/div>\n\t\t\t\t<div class=\"elementor-element elementor-element-4b0494a elementor-widget elementor-widget-price-table\" data-id=\"4b0494a\" data-element_type=\"widget\" data-e-type=\"widget\" data-widget_type=\"price-table.default\">\n\t\t\t\t<div class=\"elementor-widget-container\">\n\t\t\t\t\t\n\t\t<div class=\"elementor-price-table\">\n\t\t\t\t\t\t\t<div class=\"elementor-price-table__header\">\n\t\t\t\t\t\t\t\t\t\t\t<h3 class=\"elementor-price-table__heading\">\n\t\t\t\t\t\tBia\u0142y Zamek du\u017cy\t\t\t\t\t\t<\/h3>\n\t\t\t\t\t\n\t\t\t\t\t\t\t\t\t\t\t<span class=\"elementor-price-table__subheading\">\n\t\t\t\t\t\t\t4mx4mx4m\t\t\t\t\t\t<\/span>\n\t\t\t\t\t\t\t\t\t<\/div>\n\t\t\t\n\t\t\t<div class=\"elementor-price-table__price\">\n\t\t\t\t\t\t\t\t<span class=\"elementor-price-table__currency\">PLN<\/span>\t\t\t\t\t\t\t\t\t<span class=\"elementor-price-table__integer-part\">\n\t\t\t\t\t\t1200\t\t\t\t\t<\/span>\n\t\t\t\t\n\t\t\t\t\n\t\t\t\t\n\t\t\t\t\t\t\t\t\t<span class=\"elementor-price-table__period elementor-typo-excluded\">Miesi\u0119cznie<\/span>\t\t\t\t\t\t\t<\/div>\n\n\t\t\t\t\t\t\t<ul class=\"elementor-price-table__features-list\">\n\t\t\t\t\t\t\t\t\t\t\t<li class=\"elementor-repeater-item-1b80737\">\n\t\t\t\t\t\t\t<div class=\"elementor-price-table__feature-inner\">\n\t\t\t\t\t\t\t\t<svg aria-hidden=\"true\" class=\"e-font-icon-svg e-far-check-circle\" viewbox=\"0 0 512 512\" xmlns=\"http:\/\/www.w3.org\/2000\/svg\"><path d=\"M256 8C119.033 8 8 119.033 8 256s111.033 248 248 248 248-111.033 248-248S392.967 8 256 8zm0 48c110.532 0 200 89.451 200 200 0 110.532-89.451 200-200 200-110.532 0-200-89.451-200-200 0-110.532 89.451-200 200-200m140.204 130.267l-22.536-22.718c-4.667-4.705-12.265-4.736-16.97-.068L215.346 303.697l-59.792-60.277c-4.667-4.705-12.265-4.736-16.97-.069l-22.719 22.536c-4.705 4.667-4.736 12.265-.068 16.971l90.781 91.516c4.667 4.705 12.265 4.736 16.97.068l172.589-171.204c4.704-4.668 4.734-12.266.067-16.971z\"><\/path><\/svg>\t\t\t\t\t\t\t\t\t\t\t\t\t\t\t\t\t<span >\n\t\t\t\t\t\t\t\t\t\tElement Listy #1\t\t\t\t\t\t\t\t\t<\/span>\n\t\t\t\t\t\t\t\t\t\t\t\t\t\t\t\t<\/div>\n\t\t\t\t\t\t<\/li>\n\t\t\t\t\t\t\t\t\t\t\t<li class=\"elementor-repeater-item-d8a9427\">\n\t\t\t\t\t\t\t<div class=\"elementor-price-table__feature-inner\">\n\t\t\t\t\t\t\t\t<svg aria-hidden=\"true\" class=\"e-font-icon-svg e-far-check-circle\" viewbox=\"0 0 512 512\" xmlns=\"http:\/\/www.w3.org\/2000\/svg\"><path d=\"M256 8C119.033 8 8 119.033 8 256s111.033 248 248 248 248-111.033 248-248S392.967 8 256 8zm0 48c110.532 0 200 89.451 200 200 0 110.532-89.451 200-200 200-110.532 0-200-89.451-200-200 0-110.532 89.451-200 200-200m140.204 130.267l-22.536-22.718c-4.667-4.705-12.265-4.736-16.97-.068L215.346 303.697l-59.792-60.277c-4.667-4.705-12.265-4.736-16.97-.069l-22.719 22.536c-4.705 4.667-4.736 12.265-.068 16.971l90.781 91.516c4.667 4.705 12.265 4.736 16.97.068l172.589-171.204c4.704-4.668 4.734-12.266.067-16.971z\"><\/path><\/svg>\t\t\t\t\t\t\t\t\t\t\t\t\t\t\t\t\t<span >\n\t\t\t\t\t\t\t\t\t\tElement Listy #2\t\t\t\t\t\t\t\t\t<\/span>\n\t\t\t\t\t\t\t\t\t\t\t\t\t\t\t\t<\/div>\n\t\t\t\t\t\t<\/li>\n\t\t\t\t\t\t\t\t\t\t\t<li class=\"elementor-repeater-item-e161764\">\n\t\t\t\t\t\t\t<div class=\"elementor-price-table__feature-inner\">\n\t\t\t\t\t\t\t\t<svg aria-hidden=\"true\" class=\"e-font-icon-svg e-far-check-circle\" viewbox=\"0 0 512 512\" xmlns=\"http:\/\/www.w3.org\/2000\/svg\"><path d=\"M256 8C119.033 8 8 119.033 8 256s111.033 248 248 248 248-111.033 248-248S392.967 8 256 8zm0 48c110.532 0 200 89.451 200 200 0 110.532-89.451 200-200 200-110.532 0-200-89.451-200-200 0-110.532 89.451-200 200-200m140.204 130.267l-22.536-22.718c-4.667-4.705-12.265-4.736-16.97-.068L215.346 303.697l-59.792-60.277c-4.667-4.705-12.265-4.736-16.97-.069l-22.719 22.536c-4.705 4.667-4.736 12.265-.068 16.971l90.781 91.516c4.667 4.705 12.265 4.736 16.97.068l172.589-171.204c4.704-4.668 4.734-12.266.067-16.971z\"><\/path><\/svg>\t\t\t\t\t\t\t\t\t\t\t\t\t\t\t\t\t<span >\n\t\t\t\t\t\t\t\t\t\tElement Listy #3\t\t\t\t\t\t\t\t\t<\/span>\n\t\t\t\t\t\t\t\t\t\t\t\t\t\t\t\t<\/div>\n\t\t\t\t\t\t<\/li>\n\t\t\t\t\t\t\t\t\t<\/ul>\n\t\t\t\n\t\t\t\t\t\t\t<div class=\"elementor-price-table__footer\">\n\t\t\t\t\t\t\t\t\t\t\t<a class=\"elementor-price-table__button elementor-button elementor-size-md\" href=\"#elementor-action%3Aaction%3Dpopup%3Aopen%26settings%3DeyJpZCI6IjMyOCIsInRvZ2dsZSI6ZmFsc2V9\">\n\t\t\t\t\t\t\tRezerwuj\t\t\t\t\t\t<\/a>\n\t\t\t\t\t\n\t\t\t\t\t\t\t\t\t\t\t<div class=\"elementor-price-table__additional_info\">\n\t\t\t\t\t\t\tTo jest element tekstowy\t\t\t\t\t\t<\/div>\n\t\t\t\t\t\t\t\t\t<\/div>\n\t\t\t\t\t<\/div>\n\n\t\t\t\t\t<div class=\"elementor-ribbon\">\n\t\t\t\t<div class=\"elementor-ribbon-inner\">\n\t\t\t\t\tPopularne\t\t\t\t<\/div>\n\t\t\t<\/div>\n\t\t\t\t\t\t\t<\/div>\n\t\t\t\t<\/div>\n\t\t\t\t<\/div>\n\t\t\t\t<\/div>\n\t\t\t\t\t<\/div>\n\t\t\t\t<\/div>\n\t\t\t\t<\/div>","protected":false},"excerpt":{"rendered":"<p>Bia\u0142y Zamek ze zje\u017cd\u017calni\u0105 4mx4mx4m PLN 1200 Miesi\u0119cznie Element Listy #1 Element Listy #2 Element Listy #3 Rezerwuj To jest element tekstowy Bia\u0142y Zamek du\u017cy 4mx4mx4m PLN 1200 Miesi\u0119cznie Element Listy #1 Element Listy #2 Element Listy #3 Rezerwuj To jest element tekstowy Popularne<\/p>","protected":false},"author":1,"featured_media":0,"parent":0,"menu_order":0,"comment_status":"closed","ping_status":"closed","template":"","meta":{"footnotes":""},"class_list":["post-664","page","type-page","status-publish","hentry"],"yoast_head":"<!-- This site is optimized with the Yoast SEO plugin v27.4 - https:\/\/yoast.com\/product\/yoast-seo-wordpress\/ -->\n<title>\u015awiece Sojowe - Kr\u00f3lestwo Marze\u0144<\/title>\n<meta name=\"description\" content=\"Bia\u0142y Zamek ze zje\u017cd\u017calni\u0105 4mx4mx4m PLN 1200 Miesi\u0119cznie Element Listy #1 Element Listy #2 Element Listy #3 Rezerwuj To jest element tekstowy Bia\u0142y Zamek \u2013 Sprawd\u017a wynajem zamk\u00f3w dmuchanych i dekoracji w Warszawie i okolicach!\" \/>\n<meta name=\"robots\" content=\"index, follow, max-snippet:-1, max-image-preview:large, max-video-preview:-1\" \/>\n<link rel=\"canonical\" href=\"https:\/\/krolestwomarzen.pl\/en\/swiece-sojowe\/\" \/>\n<meta property=\"og:locale\" content=\"en_GB\" \/>\n<meta property=\"og:type\" content=\"article\" \/>\n<meta property=\"og:title\" content=\"\u015awiece Sojowe - Kr\u00f3lestwo Marze\u0144\" \/>\n<meta property=\"og:description\" content=\"Bia\u0142y Zamek ze zje\u017cd\u017calni\u0105 4mx4mx4m PLN 1200 Miesi\u0119cznie Element Listy #1 Element Listy #2 Element Listy #3 Rezerwuj To jest element tekstowy Bia\u0142y Zamek \u2013 Sprawd\u017a wynajem zamk\u00f3w dmuchanych i dekoracji w Warszawie i okolicach!\" \/>\n<meta property=\"og:url\" content=\"https:\/\/krolestwomarzen.pl\/en\/swiece-sojowe\/\" \/>\n<meta property=\"og:site_name\" content=\"Kr\u00f3lestwo Marze\u0144\" \/>\n<meta property=\"article:publisher\" content=\"https:\/\/facebook.com\/61574220811373\" \/>\n<meta property=\"article:modified_time\" content=\"2025-04-03T19:25:32+00:00\" \/>\n<meta property=\"og:image\" content=\"http:\/\/krolestwomarzen.pl\/wp-content\/uploads\/2025\/03\/2-819x1024.jpg\" \/>\n<meta name=\"twitter:card\" content=\"summary_large_image\" \/>\n<script type=\"application\/ld+json\" class=\"yoast-schema-graph\">{\"@context\":\"https:\\\/\\\/schema.org\",\"@graph\":[{\"@type\":\"WebPage\",\"@id\":\"https:\\\/\\\/krolestwomarzen.pl\\\/swiece-sojowe\\\/\",\"url\":\"https:\\\/\\\/krolestwomarzen.pl\\\/swiece-sojowe\\\/\",\"name\":\"\u015awiece Sojowe - Kr\u00f3lestwo Marze\u0144\",\"isPartOf\":{\"@id\":\"https:\\\/\\\/krolestwomarzen.pl\\\/#website\"},\"primaryImageOfPage\":{\"@id\":\"https:\\\/\\\/krolestwomarzen.pl\\\/swiece-sojowe\\\/#primaryimage\"},\"image\":{\"@id\":\"https:\\\/\\\/krolestwomarzen.pl\\\/swiece-sojowe\\\/#primaryimage\"},\"thumbnailUrl\":\"http:\\\/\\\/krolestwomarzen.pl\\\/wp-content\\\/uploads\\\/2025\\\/03\\\/2-819x1024.jpg\",\"datePublished\":\"2025-04-03T19:25:10+00:00\",\"dateModified\":\"2025-04-03T19:25:32+00:00\",\"description\":\"Bia\u0142y Zamek ze zje\u017cd\u017calni\u0105 4mx4mx4m PLN 1200 Miesi\u0119cznie Element Listy #1 Element Listy #2 Element Listy #3 Rezerwuj To jest element tekstowy Bia\u0142y Zamek \u2013 Sprawd\u017a wynajem zamk\u00f3w dmuchanych i dekoracji w Warszawie i okolicach!\",\"breadcrumb\":{\"@id\":\"https:\\\/\\\/krolestwomarzen.pl\\\/swiece-sojowe\\\/#breadcrumb\"},\"inLanguage\":\"en-GB\",\"potentialAction\":[{\"@type\":\"ReadAction\",\"target\":[\"https:\\\/\\\/krolestwomarzen.pl\\\/swiece-sojowe\\\/\"]}]},{\"@type\":\"ImageObject\",\"inLanguage\":\"en-GB\",\"@id\":\"https:\\\/\\\/krolestwomarzen.pl\\\/swiece-sojowe\\\/#primaryimage\",\"url\":\"http:\\\/\\\/krolestwomarzen.pl\\\/wp-content\\\/uploads\\\/2025\\\/03\\\/2-819x1024.jpg\",\"contentUrl\":\"http:\\\/\\\/krolestwomarzen.pl\\\/wp-content\\\/uploads\\\/2025\\\/03\\\/2-819x1024.jpg\"},{\"@type\":\"BreadcrumbList\",\"@id\":\"https:\\\/\\\/krolestwomarzen.pl\\\/swiece-sojowe\\\/#breadcrumb\",\"itemListElement\":[{\"@type\":\"ListItem\",\"position\":1,\"name\":\"Strona g\u0142\u00f3wna\",\"item\":\"https:\\\/\\\/krolestwomarzen.pl\\\/\"},{\"@type\":\"ListItem\",\"position\":2,\"name\":\"\u015awiece Sojowe\"}]},{\"@type\":\"WebSite\",\"@id\":\"https:\\\/\\\/krolestwomarzen.pl\\\/#website\",\"url\":\"https:\\\/\\\/krolestwomarzen.pl\\\/\",\"name\":\"Kr\u00f3lestwo Marze\u0144 \u2013 Wynajem Zamk\u00f3w Dmuchanych i Dekoracji\",\"description\":\"\",\"publisher\":{\"@id\":\"https:\\\/\\\/krolestwomarzen.pl\\\/#organization\"},\"alternateName\":\"Kr\u00f3lestwo Marze\u0144\",\"potentialAction\":[{\"@type\":\"SearchAction\",\"target\":{\"@type\":\"EntryPoint\",\"urlTemplate\":\"https:\\\/\\\/krolestwomarzen.pl\\\/?s={search_term_string}\"},\"query-input\":{\"@type\":\"PropertyValueSpecification\",\"valueRequired\":true,\"valueName\":\"search_term_string\"}}],\"inLanguage\":\"en-GB\"},{\"@type\":\"Organization\",\"@id\":\"https:\\\/\\\/krolestwomarzen.pl\\\/#organization\",\"name\":\"Kr\u00f3lestwo Marze\u0144 \u2013 Wynajem Zamk\u00f3w Dmuchanych i Dekoracji\",\"alternateName\":\"Kr\u00f3lestwo Marze\u0144\",\"url\":\"https:\\\/\\\/krolestwomarzen.pl\\\/\",\"logo\":{\"@type\":\"ImageObject\",\"inLanguage\":\"en-GB\",\"@id\":\"https:\\\/\\\/krolestwomarzen.pl\\\/#\\\/schema\\\/logo\\\/image\\\/\",\"url\":\"https:\\\/\\\/krolestwomarzen.pl\\\/wp-content\\\/uploads\\\/2025\\\/03\\\/krlestwo-marzen-high-resolution-logo-3-e1747126329240.png\",\"contentUrl\":\"https:\\\/\\\/krolestwomarzen.pl\\\/wp-content\\\/uploads\\\/2025\\\/03\\\/krlestwo-marzen-high-resolution-logo-3-e1747126329240.png\",\"width\":1000,\"height\":750,\"caption\":\"Kr\u00f3lestwo Marze\u0144 \u2013 Wynajem Zamk\u00f3w Dmuchanych i Dekoracji\"},\"image\":{\"@id\":\"https:\\\/\\\/krolestwomarzen.pl\\\/#\\\/schema\\\/logo\\\/image\\\/\"},\"sameAs\":[\"https:\\\/\\\/facebook.com\\\/61574220811373\",\"https:\\\/\\\/www.instagram.com\\\/krolestwo.marzen\",\"https:\\\/\\\/wedding.pl\\\/atrakcje-na-wesele\\\/krolestwo-marzen\"]}]}<\/script>\n<!-- \/ Yoast SEO plugin. -->","yoast_head_json":{"title":"\u015awiece Sojowe - Kr\u00f3lestwo Marze\u0144","description":"Bia\u0142y Zamek ze zje\u017cd\u017calni\u0105 4mx4mx4m PLN 1200 Miesi\u0119cznie Element Listy #1 Element Listy #2 Element Listy #3 Rezerwuj To jest element tekstowy Bia\u0142y Zamek \u2013 Sprawd\u017a wynajem zamk\u00f3w dmuchanych i dekoracji w Warszawie i okolicach!","robots":{"index":"index","follow":"follow","max-snippet":"max-snippet:-1","max-image-preview":"max-image-preview:large","max-video-preview":"max-video-preview:-1"},"canonical":"https:\/\/krolestwomarzen.pl\/en\/swiece-sojowe\/","og_locale":"en_GB","og_type":"article","og_title":"\u015awiece Sojowe - Kr\u00f3lestwo Marze\u0144","og_description":"Bia\u0142y Zamek ze zje\u017cd\u017calni\u0105 4mx4mx4m PLN 1200 Miesi\u0119cznie Element Listy #1 Element Listy #2 Element Listy #3 Rezerwuj To jest element tekstowy Bia\u0142y Zamek \u2013 Sprawd\u017a wynajem zamk\u00f3w dmuchanych i dekoracji w Warszawie i okolicach!","og_url":"https:\/\/krolestwomarzen.pl\/en\/swiece-sojowe\/","og_site_name":"Kr\u00f3lestwo Marze\u0144","article_publisher":"https:\/\/facebook.com\/61574220811373","article_modified_time":"2025-04-03T19:25:32+00:00","og_image":[{"url":"http:\/\/krolestwomarzen.pl\/wp-content\/uploads\/2025\/03\/2-819x1024.jpg","type":"","width":"","height":""}],"twitter_card":"summary_large_image","schema":{"@context":"https:\/\/schema.org","@graph":[{"@type":"WebPage","@id":"https:\/\/krolestwomarzen.pl\/swiece-sojowe\/","url":"https:\/\/krolestwomarzen.pl\/swiece-sojowe\/","name":"\u015awiece Sojowe - Kr\u00f3lestwo Marze\u0144","isPartOf":{"@id":"https:\/\/krolestwomarzen.pl\/#website"},"primaryImageOfPage":{"@id":"https:\/\/krolestwomarzen.pl\/swiece-sojowe\/#primaryimage"},"image":{"@id":"https:\/\/krolestwomarzen.pl\/swiece-sojowe\/#primaryimage"},"thumbnailUrl":"http:\/\/krolestwomarzen.pl\/wp-content\/uploads\/2025\/03\/2-819x1024.jpg","datePublished":"2025-04-03T19:25:10+00:00","dateModified":"2025-04-03T19:25:32+00:00","description":"Bia\u0142y Zamek ze zje\u017cd\u017calni\u0105 4mx4mx4m PLN 1200 Miesi\u0119cznie Element Listy #1 Element Listy #2 Element Listy #3 Rezerwuj To jest element tekstowy Bia\u0142y Zamek \u2013 Sprawd\u017a wynajem zamk\u00f3w dmuchanych i dekoracji w Warszawie i okolicach!","breadcrumb":{"@id":"https:\/\/krolestwomarzen.pl\/swiece-sojowe\/#breadcrumb"},"inLanguage":"en-GB","potentialAction":[{"@type":"ReadAction","target":["https:\/\/krolestwomarzen.pl\/swiece-sojowe\/"]}]},{"@type":"ImageObject","inLanguage":"en-GB","@id":"https:\/\/krolestwomarzen.pl\/swiece-sojowe\/#primaryimage","url":"http:\/\/krolestwomarzen.pl\/wp-content\/uploads\/2025\/03\/2-819x1024.jpg","contentUrl":"http:\/\/krolestwomarzen.pl\/wp-content\/uploads\/2025\/03\/2-819x1024.jpg"},{"@type":"BreadcrumbList","@id":"https:\/\/krolestwomarzen.pl\/swiece-sojowe\/#breadcrumb","itemListElement":[{"@type":"ListItem","position":1,"name":"Strona g\u0142\u00f3wna","item":"https:\/\/krolestwomarzen.pl\/"},{"@type":"ListItem","position":2,"name":"\u015awiece Sojowe"}]},{"@type":"WebSite","@id":"https:\/\/krolestwomarzen.pl\/#website","url":"https:\/\/krolestwomarzen.pl\/","name":"Kr\u00f3lestwo Marze\u0144 \u2013 Wynajem Zamk\u00f3w Dmuchanych i Dekoracji","description":"","publisher":{"@id":"https:\/\/krolestwomarzen.pl\/#organization"},"alternateName":"Kr\u00f3lestwo Marze\u0144","potentialAction":[{"@type":"SearchAction","target":{"@type":"EntryPoint","urlTemplate":"https:\/\/krolestwomarzen.pl\/?s={search_term_string}"},"query-input":{"@type":"PropertyValueSpecification","valueRequired":true,"valueName":"search_term_string"}}],"inLanguage":"en-GB"},{"@type":"Organization","@id":"https:\/\/krolestwomarzen.pl\/#organization","name":"Kr\u00f3lestwo Marze\u0144 \u2013 Wynajem Zamk\u00f3w Dmuchanych i Dekoracji","alternateName":"Kr\u00f3lestwo Marze\u0144","url":"https:\/\/krolestwomarzen.pl\/","logo":{"@type":"ImageObject","inLanguage":"en-GB","@id":"https:\/\/krolestwomarzen.pl\/#\/schema\/logo\/image\/","url":"https:\/\/krolestwomarzen.pl\/wp-content\/uploads\/2025\/03\/krlestwo-marzen-high-resolution-logo-3-e1747126329240.png","contentUrl":"https:\/\/krolestwomarzen.pl\/wp-content\/uploads\/2025\/03\/krlestwo-marzen-high-resolution-logo-3-e1747126329240.png","width":1000,"height":750,"caption":"Kr\u00f3lestwo Marze\u0144 \u2013 Wynajem Zamk\u00f3w Dmuchanych i Dekoracji"},"image":{"@id":"https:\/\/krolestwomarzen.pl\/#\/schema\/logo\/image\/"},"sameAs":["https:\/\/facebook.com\/61574220811373","https:\/\/www.instagram.com\/krolestwo.marzen","https:\/\/wedding.pl\/atrakcje-na-wesele\/krolestwo-marzen"]}]}},"jetpack_sharing_enabled":true,"_links":{"self":[{"href":"https:\/\/krolestwomarzen.pl\/en\/wp-json\/wp\/v2\/pages\/664","targetHints":{"allow":["GET"]}}],"collection":[{"href":"https:\/\/krolestwomarzen.pl\/en\/wp-json\/wp\/v2\/pages"}],"about":[{"href":"https:\/\/krolestwomarzen.pl\/en\/wp-json\/wp\/v2\/types\/page"}],"author":[{"embeddable":true,"href":"https:\/\/krolestwomarzen.pl\/en\/wp-json\/wp\/v2\/users\/1"}],"replies":[{"embeddable":true,"href":"https:\/\/krolestwomarzen.pl\/en\/wp-json\/wp\/v2\/comments?post=664"}],"version-history":[{"count":4,"href":"https:\/\/krolestwomarzen.pl\/en\/wp-json\/wp\/v2\/pages\/664\/revisions"}],"predecessor-version":[{"id":668,"href":"https:\/\/krolestwomarzen.pl\/en\/wp-json\/wp\/v2\/pages\/664\/revisions\/668"}],"wp:attachment":[{"href":"https:\/\/krolestwomarzen.pl\/en\/wp-json\/wp\/v2\/media?parent=664"}],"curies":[{"name":"wp","href":"https:\/\/api.w.org\/{rel}","templated":true}]}}